{"id":926,"date":"2011-06-28T16:04:18","date_gmt":"2011-06-28T15:04:18","guid":{"rendered":"http:\/\/maadraim.itos.pl\/?page_id=926"},"modified":"2024-04-28T16:05:17","modified_gmt":"2024-04-28T15:05:17","slug":"rosliny","status":"publish","type":"page","link":"https:\/\/maadraim.itos.pl\/?page_id=926","title":{"rendered":"Ro\u015bliny"},"content":{"rendered":"<p style=\"text-align: center;\">\n\t<a href=\"http:\/\/maadraim.itos.pl\/?page_id=928\"><img decoding=\"async\" alt=\"\" src=\"http:\/\/maadraim.itos.pl\/multimedia\/obrazki\/szablon\/drzewa.jpg\" style=\"width: 243px; height: 63px;\" \/><\/a>&nbsp;<a href=\"http:\/\/maadraim.itos.pl\/?page_id=929\"><img decoding=\"async\" alt=\"\" src=\"http:\/\/maadraim.itos.pl\/multimedia\/obrazki\/szablon\/kwiaty.jpg\" style=\"width: 245px; height: 63px;\" \/><\/a><a href=\"http:\/\/maadraim.itos.pl\/?page_id=928\"> <\/a>\n<\/p>\n<p style=\"text-align: center;\">\n\t<a href=\"http:\/\/maadraim.itos.pl\/?page_id=930\"><img decoding=\"async\" alt=\"\" src=\"http:\/\/maadraim.itos.pl\/multimedia\/obrazki\/szablon\/owoce.jpg\" style=\"width: 245px; height: 63px;\" \/><\/a>&nbsp;<a href=\"http:\/\/maadraim.itos.pl\/?page_id=993\"><img decoding=\"async\" alt=\"\" src=\"http:\/\/maadraim.itos.pl\/multimedia\/obrazki\/szablon\/warzywa.jpg\" style=\"width: 245px; height: 63px;\" \/><\/a><a href=\"http:\/\/maadraim.itos.pl\/?page_id=930\"> <\/a>\n<\/p>\n<p style=\"text-align: center;\">\n\t<a href=\"https:\/\/maadraim.itos.pl\/?page_id=4543\"><img decoding=\"async\" alt=\"\" src=\"http:\/\/maadraim.itos.pl\/multimedia\/obrazki\/szablon\/ogrody_parki.jpg\" style=\"width: 245px; height: 63px;\" \/><\/a>&nbsp;<a href=\"https:\/\/maadraim.itos.pl\/?page_id=4563\"><img decoding=\"async\" alt=\"\" src=\"http:\/\/maadraim.itos.pl\/multimedia\/obrazki\/szablon\/inne.jpg\" style=\"width: 245px; height: 63px;\" \/> <\/a>\n<\/p>\n<p style=\"text-align: center;\">\n\t&nbsp;\n<\/p>\n<p style=\"text-align: center;\">\n\t&nbsp;<\/p>\n","protected":false},"excerpt":{"rendered":"<p>&nbsp; &nbsp; &nbsp; &nbsp; &nbsp;<\/p>\n","protected":false},"author":1,"featured_media":0,"parent":707,"menu_order":3,"comment_status":"closed","ping_status":"closed","template":"","meta":{"ngg_post_thumbnail":0,"footnotes":""},"class_list":["post-926","page","type-page","status-publish","hentry"],"yoast_head":"<!-- This site is optimized with the Yoast SEO plugin v27.2 - https:\/\/yoast.com\/product\/yoast-seo-wordpress\/ -->\n<title>Ro\u015bliny - Maadraim - strona z tw\u00f3rczo\u015bci\u0105<\/title>\n<meta name=\"description\" content=\"Miejsce artystycznej fantazji. Muzyka, zdj\u0119cia, filmiki, kartki.\" \/>\n<meta name=\"robots\" content=\"index, follow, max-snippet:-1, max-image-preview:large, max-video-preview:-1\" \/>\n<link rel=\"canonical\" href=\"https:\/\/maadraim.itos.pl\/?page_id=926\" \/>\n<meta property=\"og:locale\" content=\"pl_PL\" \/>\n<meta property=\"og:type\" content=\"article\" \/>\n<meta property=\"og:title\" content=\"Ro\u015bliny - Maadraim - strona z tw\u00f3rczo\u015bci\u0105\" \/>\n<meta property=\"og:description\" content=\"Miejsce artystycznej fantazji. Muzyka, zdj\u0119cia, filmiki, kartki.\" \/>\n<meta property=\"og:url\" content=\"https:\/\/maadraim.itos.pl\/?page_id=926\" \/>\n<meta property=\"og:site_name\" content=\"Maadraim - strona z tw\u00f3rczo\u015bci\u0105\" \/>\n<meta property=\"article:modified_time\" content=\"2024-04-28T15:05:17+00:00\" \/>\n<meta property=\"og:image\" content=\"http:\/\/maadraim.itos.pl\/multimedia\/obrazki\/szablon\/drzewa.jpg\" \/>\n<meta name=\"twitter:card\" content=\"summary_large_image\" \/>\n<meta name=\"twitter:label1\" content=\"Szacowany czas czytania\" \/>\n\t<meta name=\"twitter:data1\" content=\"2 minuty\" \/>\n<script type=\"application\/ld+json\" class=\"yoast-schema-graph\">{\"@context\":\"https:\/\/schema.org\",\"@graph\":[{\"@type\":\"WebPage\",\"@id\":\"https:\/\/maadraim.itos.pl\/?page_id=926\",\"url\":\"https:\/\/maadraim.itos.pl\/?page_id=926\",\"name\":\"Ro\u015bliny - Maadraim - strona z tw\u00f3rczo\u015bci\u0105\",\"isPartOf\":{\"@id\":\"https:\/\/maadraim.itos.pl\/#website\"},\"primaryImageOfPage\":{\"@id\":\"https:\/\/maadraim.itos.pl\/?page_id=926#primaryimage\"},\"image\":{\"@id\":\"https:\/\/maadraim.itos.pl\/?page_id=926#primaryimage\"},\"thumbnailUrl\":\"http:\/\/maadraim.itos.pl\/multimedia\/obrazki\/szablon\/drzewa.jpg\",\"datePublished\":\"2011-06-28T15:04:18+00:00\",\"dateModified\":\"2024-04-28T15:05:17+00:00\",\"description\":\"Miejsce artystycznej fantazji. Muzyka, zdj\u0119cia, filmiki, kartki.\",\"breadcrumb\":{\"@id\":\"https:\/\/maadraim.itos.pl\/?page_id=926#breadcrumb\"},\"inLanguage\":\"pl-PL\",\"potentialAction\":[{\"@type\":\"ReadAction\",\"target\":[\"https:\/\/maadraim.itos.pl\/?page_id=926\"]}]},{\"@type\":\"ImageObject\",\"inLanguage\":\"pl-PL\",\"@id\":\"https:\/\/maadraim.itos.pl\/?page_id=926#primaryimage\",\"url\":\"http:\/\/maadraim.itos.pl\/multimedia\/obrazki\/szablon\/drzewa.jpg\",\"contentUrl\":\"http:\/\/maadraim.itos.pl\/multimedia\/obrazki\/szablon\/drzewa.jpg\"},{\"@type\":\"BreadcrumbList\",\"@id\":\"https:\/\/maadraim.itos.pl\/?page_id=926#breadcrumb\",\"itemListElement\":[{\"@type\":\"ListItem\",\"position\":1,\"name\":\"Strona g\u0142\u00f3wna\",\"item\":\"https:\/\/maadraim.itos.pl\/\"},{\"@type\":\"ListItem\",\"position\":2,\"name\":\"Galerie zdj\u0119\u0107\",\"item\":\"https:\/\/maadraim.itos.pl\/?page_id=707\"},{\"@type\":\"ListItem\",\"position\":3,\"name\":\"Ro\u015bliny\"}]},{\"@type\":\"WebSite\",\"@id\":\"https:\/\/maadraim.itos.pl\/#website\",\"url\":\"https:\/\/maadraim.itos.pl\/\",\"name\":\"Maadraim - strona z tw\u00f3rczo\u015bci\u0105\",\"description\":\"Miejsce artystycznej fantazji. Muzyka, zdj\u0119cia, filmiki, kartki.\",\"alternateName\":\"Maadraim\",\"potentialAction\":[{\"@type\":\"SearchAction\",\"target\":{\"@type\":\"EntryPoint\",\"urlTemplate\":\"https:\/\/maadraim.itos.pl\/?s={search_term_string}\"},\"query-input\":{\"@type\":\"PropertyValueSpecification\",\"valueRequired\":true,\"valueName\":\"search_term_string\"}}],\"inLanguage\":\"pl-PL\"}]}<\/script>\n<!-- \/ Yoast SEO plugin. -->","yoast_head_json":{"title":"Ro\u015bliny - Maadraim - strona z tw\u00f3rczo\u015bci\u0105","description":"Miejsce artystycznej fantazji. Muzyka, zdj\u0119cia, filmiki, kartki.","robots":{"index":"index","follow":"follow","max-snippet":"max-snippet:-1","max-image-preview":"max-image-preview:large","max-video-preview":"max-video-preview:-1"},"canonical":"https:\/\/maadraim.itos.pl\/?page_id=926","og_locale":"pl_PL","og_type":"article","og_title":"Ro\u015bliny - Maadraim - strona z tw\u00f3rczo\u015bci\u0105","og_description":"Miejsce artystycznej fantazji. Muzyka, zdj\u0119cia, filmiki, kartki.","og_url":"https:\/\/maadraim.itos.pl\/?page_id=926","og_site_name":"Maadraim - strona z tw\u00f3rczo\u015bci\u0105","article_modified_time":"2024-04-28T15:05:17+00:00","og_image":[{"url":"http:\/\/maadraim.itos.pl\/multimedia\/obrazki\/szablon\/drzewa.jpg","type":"","width":"","height":""}],"twitter_card":"summary_large_image","twitter_misc":{"Szacowany czas czytania":"2 minuty"},"schema":{"@context":"https:\/\/schema.org","@graph":[{"@type":"WebPage","@id":"https:\/\/maadraim.itos.pl\/?page_id=926","url":"https:\/\/maadraim.itos.pl\/?page_id=926","name":"Ro\u015bliny - Maadraim - strona z tw\u00f3rczo\u015bci\u0105","isPartOf":{"@id":"https:\/\/maadraim.itos.pl\/#website"},"primaryImageOfPage":{"@id":"https:\/\/maadraim.itos.pl\/?page_id=926#primaryimage"},"image":{"@id":"https:\/\/maadraim.itos.pl\/?page_id=926#primaryimage"},"thumbnailUrl":"http:\/\/maadraim.itos.pl\/multimedia\/obrazki\/szablon\/drzewa.jpg","datePublished":"2011-06-28T15:04:18+00:00","dateModified":"2024-04-28T15:05:17+00:00","description":"Miejsce artystycznej fantazji. Muzyka, zdj\u0119cia, filmiki, kartki.","breadcrumb":{"@id":"https:\/\/maadraim.itos.pl\/?page_id=926#breadcrumb"},"inLanguage":"pl-PL","potentialAction":[{"@type":"ReadAction","target":["https:\/\/maadraim.itos.pl\/?page_id=926"]}]},{"@type":"ImageObject","inLanguage":"pl-PL","@id":"https:\/\/maadraim.itos.pl\/?page_id=926#primaryimage","url":"http:\/\/maadraim.itos.pl\/multimedia\/obrazki\/szablon\/drzewa.jpg","contentUrl":"http:\/\/maadraim.itos.pl\/multimedia\/obrazki\/szablon\/drzewa.jpg"},{"@type":"BreadcrumbList","@id":"https:\/\/maadraim.itos.pl\/?page_id=926#breadcrumb","itemListElement":[{"@type":"ListItem","position":1,"name":"Strona g\u0142\u00f3wna","item":"https:\/\/maadraim.itos.pl\/"},{"@type":"ListItem","position":2,"name":"Galerie zdj\u0119\u0107","item":"https:\/\/maadraim.itos.pl\/?page_id=707"},{"@type":"ListItem","position":3,"name":"Ro\u015bliny"}]},{"@type":"WebSite","@id":"https:\/\/maadraim.itos.pl\/#website","url":"https:\/\/maadraim.itos.pl\/","name":"Maadraim - strona z tw\u00f3rczo\u015bci\u0105","description":"Miejsce artystycznej fantazji. Muzyka, zdj\u0119cia, filmiki, kartki.","alternateName":"Maadraim","potentialAction":[{"@type":"SearchAction","target":{"@type":"EntryPoint","urlTemplate":"https:\/\/maadraim.itos.pl\/?s={search_term_string}"},"query-input":{"@type":"PropertyValueSpecification","valueRequired":true,"valueName":"search_term_string"}}],"inLanguage":"pl-PL"}]}},"_links":{"self":[{"href":"https:\/\/maadraim.itos.pl\/index.php?rest_route=\/wp\/v2\/pages\/926","targetHints":{"allow":["GET"]}}],"collection":[{"href":"https:\/\/maadraim.itos.pl\/index.php?rest_route=\/wp\/v2\/pages"}],"about":[{"href":"https:\/\/maadraim.itos.pl\/index.php?rest_route=\/wp\/v2\/types\/page"}],"author":[{"embeddable":true,"href":"https:\/\/maadraim.itos.pl\/index.php?rest_route=\/wp\/v2\/users\/1"}],"replies":[{"embeddable":true,"href":"https:\/\/maadraim.itos.pl\/index.php?rest_route=%2Fwp%2Fv2%2Fcomments&post=926"}],"version-history":[{"count":12,"href":"https:\/\/maadraim.itos.pl\/index.php?rest_route=\/wp\/v2\/pages\/926\/revisions"}],"predecessor-version":[{"id":4568,"href":"https:\/\/maadraim.itos.pl\/index.php?rest_route=\/wp\/v2\/pages\/926\/revisions\/4568"}],"up":[{"embeddable":true,"href":"https:\/\/maadraim.itos.pl\/index.php?rest_route=\/wp\/v2\/pages\/707"}],"wp:attachment":[{"href":"https:\/\/maadraim.itos.pl\/index.php?rest_route=%2Fwp%2Fv2%2Fmedia&parent=926"}],"curies":[{"name":"wp","href":"https:\/\/api.w.org\/{rel}","templated":true}]}}