{"id":8026,"date":"2022-02-07T22:01:04","date_gmt":"2022-02-07T21:01:04","guid":{"rendered":"https:\/\/maadraim.itos.pl\/?page_id=8026"},"modified":"2026-01-12T21:38:05","modified_gmt":"2026-01-12T20:38:05","slug":"miksy","status":"publish","type":"page","link":"https:\/\/maadraim.itos.pl\/?page_id=8026","title":{"rendered":"Miksy"},"content":{"rendered":"<p style=\"text-align: center;\">&nbsp;<\/p>\n<p style=\"text-align: center;\"><span style=\"font-family: georgia,serif;\"><span style=\"font-size: 20px;\"><span style=\"color: #a16b68;\">Maadraim miks <\/span><\/span><\/span><span style=\"color: #8186e9;\"><span style=\"font-family: georgia,serif;\"><span style=\"font-size: 20px;\">(2023)<\/span><\/span><\/span><span style=\"font-family: georgia,serif;\"> <span style=\"color: #957dbf;\"><span style=\"font-size: 22px;\">(01:20:10)<\/span><\/span>&nbsp;<\/span> <span style=\"color: #666699;\"><span style=\"font-family: georgia,serif;\"><span style=\"font-size: 20px;\">(muzyka relaksacyjna, elektroniczna, ambient)<\/span><\/span><\/span><br \/>\n    <div class=\"custom-audio-wrapper align-center\">\n      <div class=\"custom-audio-player compact dense\"\n        style=\"--player-width:70%;--player-bg:#86689d;--player-color:#ffffff;--player-icon-color:#907dcc;\"\n        data-show-meta=\"0\"\n        data-show-volume=\"1\"\n        data-show-download=\"1\"\n      >\n        <audio src=\"http:\/\/maadraim.itos.pl\/multimedia\/muzyka\/miksy\/Maadraim_miks.mp3\" preload=\"metadata\"><\/audio>\n\n        \n        <div class=\"controls\">\n          <button type=\"button\" class=\"play-pause-btn\" aria-label=\"Play\/Pause\" aria-pressed=\"false\">\n            <span class=\"svg-play\"><svg class=\"icon\" xmlns=\"http:\/\/www.w3.org\/2000\/svg\" viewBox=\"0 0 26 26\"><path fill=\"currentColor\" d=\"M20.208 11.857L6.902 5.26a1.312 1.312 0 0 0-1.268.052a1.272 1.272 0 0 0-.619 1.09V19.6c0 .443.233.856.619 1.089a1.316 1.316 0 0 0 1.269.052l13.306-6.599c.438-.218.716-.658.716-1.143s-.279-.924-.717-1.142z\" \/><\/svg><\/span>\n            <span class=\"svg-pause\" style=\"display:none;\"><svg class=\"icon\" xmlns=\"http:\/\/www.w3.org\/2000\/svg\" viewBox=\"0 0 26 26\"><path fill=\"currentColor\" d=\"M7 5c-.551 0-1 .449-1 1v14c0 .551.449 1 1 1h3c.551 0 1-.449 1-1V6c0-.551-.449-1-1-1H7zm9 0c-.551 0-1 .449-1 1v14c0 .551.449 1 1 1h3c.551 0 1-.449 1-1V6c0-.551-.449-1-1-1h-3z\" \/><\/svg><\/span>\n          <\/button>\n\n          <div class=\"time-and-seek\">\n            <span class=\"current-time\" aria-live=\"polite\">0:00<\/span>\n            <input type=\"range\" class=\"seek-bar\" min=\"0\" max=\"100\" value=\"0\" step=\"0.1\" aria-label=\"Seek\">\n            <span class=\"duration\">0:00<\/span>\n          <\/div>\n\n                    <div class=\"volume-wrap\">\n            <button type=\"button\" class=\"volume-btn\" aria-label=\"Mute\/Unmute\">\n              <span class=\"svg-speaker\"><svg class=\"icon\" xmlns=\"http:\/\/www.w3.org\/2000\/svg\" viewBox=\"0 0 26 26\"><path fill=\"currentColor\" d=\"M12.031 1.063c-.321.001-.676.145-1 .468L5.312 8H1c-.551 0-1 .449-1 1v8c0 .551.449 1 1 1h4.313L11 24.438c1 1 2 .488 2-.875V2.28c0-.791-.433-1.222-.969-1.219zm7.25 2a1 1 0 0 0-.218 1.906A8.963 8.963 0 0 1 24 13c0 3.524-2 6.55-4.938 8.031a1 1 0 1 0 .875 1.782C23.53 21 26 17.288 26 13s-2.471-8-6.063-9.813a1 1 0 0 0-.562-.124a1 1 0 0 0-.094 0zm-2.375 3.874a1 1 0 0 0-.406 1.875C18.043 9.771 19 11.29 19 13c0 1.722-.972 3.261-2.531 4.219a1 1 0 1 0 1.062 1.687C19.601 17.636 21 15.476 21 13c0-2.461-1.387-4.633-3.438-5.906A1 1 0 0 0 17 6.937a1 1 0 0 0-.094 0z\" \/><\/svg><\/span>\n              <span class=\"svg-mute\" style=\"display:none;\"><svg class=\"icon\" xmlns=\"http:\/\/www.w3.org\/2000\/svg\" viewBox=\"0 0 26 26\"><path fill=\"currentColor\" d=\"M3.5 2A1 1 0 0 0 3 3.719l20 20a1 1 0 1 0 1.406-1.407L17 14.907V3.312c0-1.265-1.105-1.582-1.969-.718L9.812 7.719L4.407 2.312A1 1 0 0 0 3.594 2A1 1 0 0 0 3.5 2zM5 9.063c-.551 0-1 .448-1 1v6c0 .55.449 1 1 1h3.438L15 23.468c1 1 2 .488 2-.875V20.03L6.031 9.063H5z\" \/><\/svg><\/span>\n            <\/button>\n            <input type=\"range\" class=\"volume-slider\" min=\"0\" max=\"1\" step=\"0.01\" value=\"1\" aria-label=\"Volume\">\n          <\/div>\n          \n                      <a class=\"download-link\" href=\"http:\/\/maadraim.itos.pl\/multimedia\/muzyka\/miksy\/Maadraim_miks.mp3\" aria-label=\"Download\">\n              <span class=\"svg-download\"><svg class=\"icon\" xmlns=\"http:\/\/www.w3.org\/2000\/svg\" viewBox=\"0 0 16 16\"><g fill=\"currentColor\"><path d=\"M8.75 2.75a.75.75 0 0 0-1.5 0v5.69L5.03 6.22a.75.75 0 0 0-1.06 1.06l3.5 3.5a.75.75 0 0 0 1.06 0l3.5-3.5a.75.75 0 0 0-1.06-1.06L8.75 8.44z\" \/><path d=\"M3.5 9.75a.75.75 0 0 0-1.5 0v1.5A2.75 2.75 0 0 0 4.75 14h6.5A2.75 2.75 0 0 0 14 11.25v-1.5a.75.75 0 0 0-1.5 0v1.5c0 .69-.56 1.25-1.25 1.25h-6.5c-.69 0-1.25-.56-1.25-1.25z\" \/><\/g><\/svg><\/span>\n            <\/a>\n                  <\/div>\n      <\/div>\n    <\/div>\n    <\/p>\n<p style=\"text-align: center;\"><span style=\"font-family: georgia,serif;\"><span style=\"font-size: 22px;\"><span style=\"color: #7d9ded;\"><a href=\"http:\/\/maadraim.itos.pl\/multimedia\/muzyka\/miksy\/Maadraim_miks.zip\">flac<\/a><\/span><\/span><\/span><\/p>\n<p>&nbsp;<\/p>\n<p style=\"text-align: center;\"><span style=\"font-family: georgia,serif;\"><span style=\"font-size: 20px;\"><span style=\"color: #a16b68;\">Mini Mocade miks <\/span><\/span><\/span><span style=\"color: #8186e9;\"><span style=\"font-family: georgia,serif;\"><span style=\"font-size: 20px;\">(2022)<\/span><\/span><\/span><span style=\"font-family: georgia,serif;\"> <span style=\"color: #957dbf;\"><span style=\"font-size: 22px;\">(17:01)<\/span><\/span>&nbsp;<\/span> <span style=\"color: #666699;\"><span style=\"font-family: georgia,serif;\"><span style=\"font-size: 20px;\">(ambient)<\/span><\/span><\/span><br \/>\n    <div class=\"custom-audio-wrapper align-center\">\n      <div class=\"custom-audio-player compact dense\"\n        style=\"--player-width:70%;--player-bg:#86689d;--player-color:#ffffff;--player-icon-color:#907dcc;\"\n        data-show-meta=\"0\"\n        data-show-volume=\"1\"\n        data-show-download=\"1\"\n      >\n        <audio src=\"http:\/\/maadraim.itos.pl\/multimedia\/muzyka\/miksy\/Mini_Mocade_miks_zmiksowane_przez_Maadraima_17_minut.mp3\" preload=\"metadata\"><\/audio>\n\n        \n        <div class=\"controls\">\n          <button type=\"button\" class=\"play-pause-btn\" aria-label=\"Play\/Pause\" aria-pressed=\"false\">\n            <span class=\"svg-play\"><svg class=\"icon\" xmlns=\"http:\/\/www.w3.org\/2000\/svg\" viewBox=\"0 0 26 26\"><path fill=\"currentColor\" d=\"M20.208 11.857L6.902 5.26a1.312 1.312 0 0 0-1.268.052a1.272 1.272 0 0 0-.619 1.09V19.6c0 .443.233.856.619 1.089a1.316 1.316 0 0 0 1.269.052l13.306-6.599c.438-.218.716-.658.716-1.143s-.279-.924-.717-1.142z\" \/><\/svg><\/span>\n            <span class=\"svg-pause\" style=\"display:none;\"><svg class=\"icon\" xmlns=\"http:\/\/www.w3.org\/2000\/svg\" viewBox=\"0 0 26 26\"><path fill=\"currentColor\" d=\"M7 5c-.551 0-1 .449-1 1v14c0 .551.449 1 1 1h3c.551 0 1-.449 1-1V6c0-.551-.449-1-1-1H7zm9 0c-.551 0-1 .449-1 1v14c0 .551.449 1 1 1h3c.551 0 1-.449 1-1V6c0-.551-.449-1-1-1h-3z\" \/><\/svg><\/span>\n          <\/button>\n\n          <div class=\"time-and-seek\">\n            <span class=\"current-time\" aria-live=\"polite\">0:00<\/span>\n            <input type=\"range\" class=\"seek-bar\" min=\"0\" max=\"100\" value=\"0\" step=\"0.1\" aria-label=\"Seek\">\n            <span class=\"duration\">0:00<\/span>\n          <\/div>\n\n                    <div class=\"volume-wrap\">\n            <button type=\"button\" class=\"volume-btn\" aria-label=\"Mute\/Unmute\">\n              <span class=\"svg-speaker\"><svg class=\"icon\" xmlns=\"http:\/\/www.w3.org\/2000\/svg\" viewBox=\"0 0 26 26\"><path fill=\"currentColor\" d=\"M12.031 1.063c-.321.001-.676.145-1 .468L5.312 8H1c-.551 0-1 .449-1 1v8c0 .551.449 1 1 1h4.313L11 24.438c1 1 2 .488 2-.875V2.28c0-.791-.433-1.222-.969-1.219zm7.25 2a1 1 0 0 0-.218 1.906A8.963 8.963 0 0 1 24 13c0 3.524-2 6.55-4.938 8.031a1 1 0 1 0 .875 1.782C23.53 21 26 17.288 26 13s-2.471-8-6.063-9.813a1 1 0 0 0-.562-.124a1 1 0 0 0-.094 0zm-2.375 3.874a1 1 0 0 0-.406 1.875C18.043 9.771 19 11.29 19 13c0 1.722-.972 3.261-2.531 4.219a1 1 0 1 0 1.062 1.687C19.601 17.636 21 15.476 21 13c0-2.461-1.387-4.633-3.438-5.906A1 1 0 0 0 17 6.937a1 1 0 0 0-.094 0z\" \/><\/svg><\/span>\n              <span class=\"svg-mute\" style=\"display:none;\"><svg class=\"icon\" xmlns=\"http:\/\/www.w3.org\/2000\/svg\" viewBox=\"0 0 26 26\"><path fill=\"currentColor\" d=\"M3.5 2A1 1 0 0 0 3 3.719l20 20a1 1 0 1 0 1.406-1.407L17 14.907V3.312c0-1.265-1.105-1.582-1.969-.718L9.812 7.719L4.407 2.312A1 1 0 0 0 3.594 2A1 1 0 0 0 3.5 2zM5 9.063c-.551 0-1 .448-1 1v6c0 .55.449 1 1 1h3.438L15 23.468c1 1 2 .488 2-.875V20.03L6.031 9.063H5z\" \/><\/svg><\/span>\n            <\/button>\n            <input type=\"range\" class=\"volume-slider\" min=\"0\" max=\"1\" step=\"0.01\" value=\"1\" aria-label=\"Volume\">\n          <\/div>\n          \n                      <a class=\"download-link\" href=\"http:\/\/maadraim.itos.pl\/multimedia\/muzyka\/miksy\/Mini_Mocade_miks_zmiksowane_przez_Maadraima_17_minut.mp3\" aria-label=\"Download\">\n              <span class=\"svg-download\"><svg class=\"icon\" xmlns=\"http:\/\/www.w3.org\/2000\/svg\" viewBox=\"0 0 16 16\"><g fill=\"currentColor\"><path d=\"M8.75 2.75a.75.75 0 0 0-1.5 0v5.69L5.03 6.22a.75.75 0 0 0-1.06 1.06l3.5 3.5a.75.75 0 0 0 1.06 0l3.5-3.5a.75.75 0 0 0-1.06-1.06L8.75 8.44z\" \/><path d=\"M3.5 9.75a.75.75 0 0 0-1.5 0v1.5A2.75 2.75 0 0 0 4.75 14h6.5A2.75 2.75 0 0 0 14 11.25v-1.5a.75.75 0 0 0-1.5 0v1.5c0 .69-.56 1.25-1.25 1.25h-6.5c-.69 0-1.25-.56-1.25-1.25z\" \/><\/g><\/svg><\/span>\n            <\/a>\n                  <\/div>\n      <\/div>\n    <\/div>\n    <\/p>\n<p style=\"text-align: center;\"><span style=\"font-family: georgia,serif;\"><span style=\"font-size: 22px;\"><span style=\"color: #7d9ded;\"><a href=\"http:\/\/maadraim.itos.pl\/multimedia\/muzyka\/miksy\/Mini_Mocade_miks_zmiksowane_przez_Maadraima_17_minut.zip\">flac<\/a><\/span><\/span><\/span><\/p>\n<p>&nbsp;<\/p>\n<div class=\"s3gt_translate_tooltip_mini_box\" id=\"s3gt_translate_tooltip_mini\" is_mini=\"true\" style=\"background: initial !important; border: initial !important; border-radius: initial !important; border-spacing: initial !important; border-collapse: initial !important; direction: ltr !important; flex-direction: initial !important; font-weight: initial !important; height: initial !important; letter-spacing: initial !important; min-width: initial !important; max-width: initial !important; min-height: initial !important; max-height: initial !important; margin: auto !important; outline: initial !important; padding: initial !important; position: absolute; table-layout: initial !important; text-align: initial !important; text-shadow: initial !important; width: initial !important; word-break: initial !important; word-spacing: initial !important; overflow-wrap: initial !important; box-sizing: initial !important; display: initial !important; color: inherit !important; font-size: 13px !important; font-family: X-LocaleSpecific, sans-serif, Tahoma, Helvetica !important; line-height: 13px !important; vertical-align: top !important; white-space: inherit !important; left: 612px; top: 86px; opacity: 0.05;\">\n<div class=\"s3gt_translate_tooltip_mini\" id=\"s3gt_translate_tooltip_mini_logo\" title=\"T\u0142umacz zaznaczony tekst\">\n\t\t&nbsp;\n\t<\/div>\n<div class=\"s3gt_translate_tooltip_mini\" id=\"s3gt_translate_tooltip_mini_sound\" title=\"Odtw\u00f3rz\" title_play=\"Odtw\u00f3rz\" title_stop=\"Zatrzymaj\">\n\t\t&nbsp;\n\t<\/div>\n<div class=\"s3gt_translate_tooltip_mini\" id=\"s3gt_translate_tooltip_mini_copy\" title=\"Kopiuj tekst do schowka\">\n\t\t&nbsp;\n\t<\/div>\n<\/div>\n<link href=\"moz-extension:\/\/39706376-4a69-4b2f-b65f-ea8b60f79815\/skin\/s3gt_tooltip_mini.css\" rel=\"stylesheet\" type=\"text\/css\" \/>\n<style media=\"print\" type=\"text\/css\">\n#s3gt_translate_tooltip_mini { display: none !important; }<\/style>\n<div class=\"s3gt_translate_tooltip_mini_box\" id=\"s3gt_translate_tooltip_mini\" is_mini=\"true\" style=\"background: initial !important; border: initial !important; border-radius: initial !important; border-spacing: initial !important; border-collapse: initial !important; direction: ltr !important; flex-direction: initial !important; font-weight: initial !important; height: initial !important; letter-spacing: initial !important; min-width: initial !important; max-width: initial !important; min-height: initial !important; max-height: initial !important; margin: auto !important; outline: initial !important; padding: initial !important; position: absolute; table-layout: initial !important; text-align: initial !important; text-shadow: initial !important; width: initial !important; word-break: initial !important; word-spacing: initial !important; overflow-wrap: initial !important; box-sizing: initial !important; display: initial !important; color: inherit !important; font-size: 13px !important; font-family: X-LocaleSpecific, sans-serif, Tahoma, Helvetica !important; line-height: 13px !important; vertical-align: top !important; white-space: inherit !important; left: 10px; top: 63px; opacity: 0.4;\">\n<div class=\"s3gt_translate_tooltip_mini\" id=\"s3gt_translate_tooltip_mini_logo\" title=\"T\u0142umacz zaznaczony tekst\">\n\t\t&nbsp;\n\t<\/div>\n<div class=\"s3gt_translate_tooltip_mini\" id=\"s3gt_translate_tooltip_mini_sound\" title=\"Odtw\u00f3rz\" title_play=\"Odtw\u00f3rz\" title_stop=\"Zatrzymaj\">\n\t\t&nbsp;\n\t<\/div>\n<div class=\"s3gt_translate_tooltip_mini\" id=\"s3gt_translate_tooltip_mini_copy\" title=\"Kopiuj tekst do schowka\">\n\t\t&nbsp;\n\t<\/div>\n<\/div>\n<link href=\"moz-extension:\/\/39706376-4a69-4b2f-b65f-ea8b60f79815\/skin\/s3gt_tooltip_mini.css\" rel=\"stylesheet\" type=\"text\/css\" \/>\n<style media=\"print\" type=\"text\/css\">\n#s3gt_translate_tooltip_mini { display: none !important; }<\/style>\n<div class=\"s3gt_translate_tooltip_mini_box\" id=\"s3gt_translate_tooltip_mini\" is_mini=\"true\" style=\"background: initial !important; border: initial !important; border-radius: initial !important; border-spacing: initial !important; border-collapse: initial !important; direction: ltr !important; flex-direction: initial !important; font-weight: initial !important; height: initial !important; letter-spacing: initial !important; min-width: initial !important; max-width: initial !important; min-height: initial !important; max-height: initial !important; margin: auto !important; outline: initial !important; padding: initial !important; position: absolute; table-layout: initial !important; text-align: initial !important; text-shadow: initial !important; width: initial !important; word-break: initial !important; word-spacing: initial !important; overflow-wrap: initial !important; box-sizing: initial !important; display: initial !important; color: inherit !important; font-size: 13px !important; font-family: X-LocaleSpecific, sans-serif, Tahoma, Helvetica !important; line-height: 13px !important; vertical-align: top !important; white-space: inherit !important; left: 570px; top: 177px; opacity: 0.2;\">\n<div class=\"s3gt_translate_tooltip_mini\" id=\"s3gt_translate_tooltip_mini_logo\" title=\"T\u0142umacz zaznaczony tekst\">\n\t\t&nbsp;\n\t<\/div>\n<div class=\"s3gt_translate_tooltip_mini\" id=\"s3gt_translate_tooltip_mini_sound\" title=\"Odtw\u00f3rz\" title_play=\"Odtw\u00f3rz\" title_stop=\"Zatrzymaj\">\n\t\t&nbsp;\n\t<\/div>\n<div class=\"s3gt_translate_tooltip_mini\" id=\"s3gt_translate_tooltip_mini_copy\" title=\"Kopiuj tekst do schowka\">\n\t\t&nbsp;\n\t<\/div>\n<\/div>\n<link href=\"moz-extension:\/\/39706376-4a69-4b2f-b65f-ea8b60f79815\/skin\/s3gt_tooltip_mini.css\" rel=\"stylesheet\" type=\"text\/css\" \/>\n<style media=\"print\" type=\"text\/css\">\n#s3gt_translate_tooltip_mini { display: none !important; }<\/style>\n<div class=\"s3gt_translate_tooltip_mini_box\" id=\"s3gt_translate_tooltip_mini\" is_mini=\"true\" style=\"background: initial !important; border: initial !important; border-radius: initial !important; border-spacing: initial !important; border-collapse: initial !important; direction: ltr !important; flex-direction: initial !important; font-weight: initial !important; height: initial !important; letter-spacing: initial !important; min-width: initial !important; max-width: initial !important; min-height: initial !important; max-height: initial !important; margin: auto !important; outline: initial !important; padding: initial !important; position: absolute; table-layout: initial !important; text-align: initial !important; text-shadow: initial !important; width: initial !important; word-break: initial !important; word-spacing: initial !important; overflow-wrap: initial !important; box-sizing: initial !important; display: initial !important; color: inherit !important; font-size: 13px !important; font-family: X-LocaleSpecific, sans-serif, Tahoma, Helvetica !important; line-height: 13px !important; vertical-align: top !important; white-space: inherit !important; left: 592px; top: 175px; opacity: 0;\">\n<div class=\"s3gt_translate_tooltip_mini\" id=\"s3gt_translate_tooltip_mini_logo\" title=\"T\u0142umacz zaznaczony tekst\">\n\t\t&nbsp;\n\t<\/div>\n<div class=\"s3gt_translate_tooltip_mini\" id=\"s3gt_translate_tooltip_mini_sound\" title=\"Odtw\u00f3rz\" title_play=\"Odtw\u00f3rz\" title_stop=\"Zatrzymaj\">\n\t\t&nbsp;\n\t<\/div>\n<div class=\"s3gt_translate_tooltip_mini\" id=\"s3gt_translate_tooltip_mini_copy\" title=\"Kopiuj tekst do schowka\">\n\t\t&nbsp;\n\t<\/div>\n<\/div>\n<link href=\"moz-extension:\/\/39706376-4a69-4b2f-b65f-ea8b60f79815\/skin\/s3gt_tooltip_mini.css\" rel=\"stylesheet\" type=\"text\/css\" \/>\n<style media=\"print\" type=\"text\/css\">\n#s3gt_translate_tooltip_mini { display: none !important; }<\/style>\n<div class=\"s3gt_translate_tooltip_mini_box\" id=\"s3gt_translate_tooltip_mini\" is_mini=\"true\" style=\"background: initial !important; border: initial !important; border-radius: initial !important; border-spacing: initial !important; border-collapse: initial !important; direction: ltr !important; flex-direction: initial !important; font-weight: initial !important; height: initial !important; letter-spacing: initial !important; min-width: initial !important; max-width: initial !important; min-height: initial !important; max-height: initial !important; margin: auto !important; outline: initial !important; padding: initial !important; position: absolute; table-layout: initial !important; text-align: initial !important; text-shadow: initial !important; width: initial !important; word-break: initial !important; word-spacing: initial !important; overflow-wrap: initial !important; box-sizing: initial !important; display: initial !important; color: inherit !important; font-size: 13px !important; font-family: X-LocaleSpecific, sans-serif, Tahoma, Helvetica !important; line-height: 13px !important; vertical-align: top !important; white-space: inherit !important; left: 654px; top: 142px; opacity: 0.7;\">\n<div class=\"s3gt_translate_tooltip_mini\" id=\"s3gt_translate_tooltip_mini_logo\" title=\"T\u0142umacz zaznaczony tekst\">\n\t\t&nbsp;\n\t<\/div>\n<div class=\"s3gt_translate_tooltip_mini\" id=\"s3gt_translate_tooltip_mini_sound\" title=\"Odtw\u00f3rz\" title_play=\"Odtw\u00f3rz\" title_stop=\"Zatrzymaj\">\n\t\t&nbsp;\n\t<\/div>\n<div class=\"s3gt_translate_tooltip_mini\" id=\"s3gt_translate_tooltip_mini_copy\" title=\"Kopiuj tekst do schowka\">\n\t\t&nbsp;\n\t<\/div>\n<\/div>\n<link href=\"moz-extension:\/\/39706376-4a69-4b2f-b65f-ea8b60f79815\/skin\/s3gt_tooltip_mini.css\" rel=\"stylesheet\" type=\"text\/css\" \/>\n<style media=\"print\" type=\"text\/css\">\n#s3gt_translate_tooltip_mini { display: none !important; }<\/style>\n","protected":false},"excerpt":{"rendered":"<p>&nbsp; Maadraim miks (2023) (01:20:10)&nbsp; (muzyka relaksacyjna, elektroniczna, ambient) flac &nbsp; Mini Mocade miks (2022) (17:01)&nbsp; (ambient) flac &nbsp; &nbsp; &nbsp; &nbsp; &nbsp; &nbsp; &nbsp; &nbsp; &nbsp; &nbsp; &nbsp; &nbsp; &nbsp; &nbsp; &nbsp; &nbsp;<\/p>\n","protected":false},"author":1,"featured_media":0,"parent":0,"menu_order":16,"comment_status":"closed","ping_status":"closed","template":"","meta":{"ngg_post_thumbnail":0,"footnotes":""},"class_list":["post-8026","page","type-page","status-publish","hentry"],"yoast_head":"<!-- This site is optimized with the Yoast SEO plugin v27.4 - https:\/\/yoast.com\/product\/yoast-seo-wordpress\/ -->\n<title>Miksy - Maadraim - strona z tw\u00f3rczo\u015bci\u0105<\/title>\n<meta name=\"description\" content=\"Miejsce artystycznej fantazji. Muzyka, zdj\u0119cia, filmiki, kartki.\" \/>\n<meta name=\"robots\" content=\"index, follow, max-snippet:-1, max-image-preview:large, max-video-preview:-1\" \/>\n<link rel=\"canonical\" href=\"https:\/\/maadraim.itos.pl\/?page_id=8026\" \/>\n<meta property=\"og:locale\" content=\"pl_PL\" \/>\n<meta property=\"og:type\" content=\"article\" \/>\n<meta property=\"og:title\" content=\"Miksy - Maadraim - strona z tw\u00f3rczo\u015bci\u0105\" \/>\n<meta property=\"og:description\" content=\"Miejsce artystycznej fantazji. Muzyka, zdj\u0119cia, filmiki, kartki.\" \/>\n<meta property=\"og:url\" content=\"https:\/\/maadraim.itos.pl\/?page_id=8026\" \/>\n<meta property=\"og:site_name\" content=\"Maadraim - strona z tw\u00f3rczo\u015bci\u0105\" \/>\n<meta property=\"article:modified_time\" content=\"2026-01-12T20:38:05+00:00\" \/>\n<meta property=\"og:image\" content=\"https:\/\/maadraim.itos.pl\/wp-content\/uploads\/2023\/05\/Maadraim800.jpg\" \/>\n\t<meta property=\"og:image:width\" content=\"800\" \/>\n\t<meta property=\"og:image:height\" content=\"800\" \/>\n\t<meta property=\"og:image:type\" content=\"image\/jpeg\" \/>\n<meta name=\"twitter:card\" content=\"summary_large_image\" \/>\n<meta name=\"twitter:label1\" content=\"Szacowany czas czytania\" \/>\n\t<meta name=\"twitter:data1\" content=\"1 minuta\" \/>\n<script type=\"application\/ld+json\" class=\"yoast-schema-graph\">{\"@context\":\"https:\\\/\\\/schema.org\",\"@graph\":[{\"@type\":\"WebPage\",\"@id\":\"https:\\\/\\\/maadraim.itos.pl\\\/?page_id=8026\",\"url\":\"https:\\\/\\\/maadraim.itos.pl\\\/?page_id=8026\",\"name\":\"Miksy - Maadraim - strona z tw\u00f3rczo\u015bci\u0105\",\"isPartOf\":{\"@id\":\"https:\\\/\\\/maadraim.itos.pl\\\/#website\"},\"datePublished\":\"2022-02-07T21:01:04+00:00\",\"dateModified\":\"2026-01-12T20:38:05+00:00\",\"description\":\"Miejsce artystycznej fantazji. Muzyka, zdj\u0119cia, filmiki, kartki.\",\"breadcrumb\":{\"@id\":\"https:\\\/\\\/maadraim.itos.pl\\\/?page_id=8026#breadcrumb\"},\"inLanguage\":\"pl-PL\",\"potentialAction\":[{\"@type\":\"ReadAction\",\"target\":[\"https:\\\/\\\/maadraim.itos.pl\\\/?page_id=8026\"]}]},{\"@type\":\"BreadcrumbList\",\"@id\":\"https:\\\/\\\/maadraim.itos.pl\\\/?page_id=8026#breadcrumb\",\"itemListElement\":[{\"@type\":\"ListItem\",\"position\":1,\"name\":\"Strona g\u0142\u00f3wna\",\"item\":\"https:\\\/\\\/maadraim.itos.pl\\\/\"},{\"@type\":\"ListItem\",\"position\":2,\"name\":\"Miksy\"}]},{\"@type\":\"WebSite\",\"@id\":\"https:\\\/\\\/maadraim.itos.pl\\\/#website\",\"url\":\"https:\\\/\\\/maadraim.itos.pl\\\/\",\"name\":\"Maadraim - strona z tw\u00f3rczo\u015bci\u0105\",\"description\":\"Miejsce artystycznej fantazji. Muzyka, zdj\u0119cia, filmiki, kartki.\",\"alternateName\":\"Maadraim\",\"potentialAction\":[{\"@type\":\"SearchAction\",\"target\":{\"@type\":\"EntryPoint\",\"urlTemplate\":\"https:\\\/\\\/maadraim.itos.pl\\\/?s={search_term_string}\"},\"query-input\":{\"@type\":\"PropertyValueSpecification\",\"valueRequired\":true,\"valueName\":\"search_term_string\"}}],\"inLanguage\":\"pl-PL\"}]}<\/script>\n<!-- \/ Yoast SEO plugin. -->","yoast_head_json":{"title":"Miksy - Maadraim - strona z tw\u00f3rczo\u015bci\u0105","description":"Miejsce artystycznej fantazji. Muzyka, zdj\u0119cia, filmiki, kartki.","robots":{"index":"index","follow":"follow","max-snippet":"max-snippet:-1","max-image-preview":"max-image-preview:large","max-video-preview":"max-video-preview:-1"},"canonical":"https:\/\/maadraim.itos.pl\/?page_id=8026","og_locale":"pl_PL","og_type":"article","og_title":"Miksy - Maadraim - strona z tw\u00f3rczo\u015bci\u0105","og_description":"Miejsce artystycznej fantazji. Muzyka, zdj\u0119cia, filmiki, kartki.","og_url":"https:\/\/maadraim.itos.pl\/?page_id=8026","og_site_name":"Maadraim - strona z tw\u00f3rczo\u015bci\u0105","article_modified_time":"2026-01-12T20:38:05+00:00","og_image":[{"width":800,"height":800,"url":"https:\/\/maadraim.itos.pl\/wp-content\/uploads\/2023\/05\/Maadraim800.jpg","type":"image\/jpeg"}],"twitter_card":"summary_large_image","twitter_misc":{"Szacowany czas czytania":"1 minuta"},"schema":{"@context":"https:\/\/schema.org","@graph":[{"@type":"WebPage","@id":"https:\/\/maadraim.itos.pl\/?page_id=8026","url":"https:\/\/maadraim.itos.pl\/?page_id=8026","name":"Miksy - Maadraim - strona z tw\u00f3rczo\u015bci\u0105","isPartOf":{"@id":"https:\/\/maadraim.itos.pl\/#website"},"datePublished":"2022-02-07T21:01:04+00:00","dateModified":"2026-01-12T20:38:05+00:00","description":"Miejsce artystycznej fantazji. Muzyka, zdj\u0119cia, filmiki, kartki.","breadcrumb":{"@id":"https:\/\/maadraim.itos.pl\/?page_id=8026#breadcrumb"},"inLanguage":"pl-PL","potentialAction":[{"@type":"ReadAction","target":["https:\/\/maadraim.itos.pl\/?page_id=8026"]}]},{"@type":"BreadcrumbList","@id":"https:\/\/maadraim.itos.pl\/?page_id=8026#breadcrumb","itemListElement":[{"@type":"ListItem","position":1,"name":"Strona g\u0142\u00f3wna","item":"https:\/\/maadraim.itos.pl\/"},{"@type":"ListItem","position":2,"name":"Miksy"}]},{"@type":"WebSite","@id":"https:\/\/maadraim.itos.pl\/#website","url":"https:\/\/maadraim.itos.pl\/","name":"Maadraim - strona z tw\u00f3rczo\u015bci\u0105","description":"Miejsce artystycznej fantazji. Muzyka, zdj\u0119cia, filmiki, kartki.","alternateName":"Maadraim","potentialAction":[{"@type":"SearchAction","target":{"@type":"EntryPoint","urlTemplate":"https:\/\/maadraim.itos.pl\/?s={search_term_string}"},"query-input":{"@type":"PropertyValueSpecification","valueRequired":true,"valueName":"search_term_string"}}],"inLanguage":"pl-PL"}]}},"_links":{"self":[{"href":"https:\/\/maadraim.itos.pl\/index.php?rest_route=\/wp\/v2\/pages\/8026","targetHints":{"allow":["GET"]}}],"collection":[{"href":"https:\/\/maadraim.itos.pl\/index.php?rest_route=\/wp\/v2\/pages"}],"about":[{"href":"https:\/\/maadraim.itos.pl\/index.php?rest_route=\/wp\/v2\/types\/page"}],"author":[{"embeddable":true,"href":"https:\/\/maadraim.itos.pl\/index.php?rest_route=\/wp\/v2\/users\/1"}],"replies":[{"embeddable":true,"href":"https:\/\/maadraim.itos.pl\/index.php?rest_route=%2Fwp%2Fv2%2Fcomments&post=8026"}],"version-history":[{"count":38,"href":"https:\/\/maadraim.itos.pl\/index.php?rest_route=\/wp\/v2\/pages\/8026\/revisions"}],"predecessor-version":[{"id":16321,"href":"https:\/\/maadraim.itos.pl\/index.php?rest_route=\/wp\/v2\/pages\/8026\/revisions\/16321"}],"wp:attachment":[{"href":"https:\/\/maadraim.itos.pl\/index.php?rest_route=%2Fwp%2Fv2%2Fmedia&parent=8026"}],"curies":[{"name":"wp","href":"https:\/\/api.w.org\/{rel}","templated":true}]}}