{"id":417,"date":"2011-01-30T20:27:08","date_gmt":"2011-01-30T20:27:08","guid":{"rendered":"http:\/\/maadraim.itos.pl\/?page_id=417"},"modified":"2025-05-28T17:25:26","modified_gmt":"2025-05-28T16:25:26","slug":"filmiki","status":"publish","type":"page","link":"https:\/\/maadraim.itos.pl\/?page_id=417","title":{"rendered":"Filmiki"},"content":{"rendered":"<p style=\"text-align: center;\">\n\t<span style=\"font-size:24px;\"><span style=\"color: #008000;\"><span style=\"font-family: georgia,serif;\"><a href=\"https:\/\/maadraim.itos.pl\/?page_id=15457\">Pokaz o\u015bwietlonych fontann (Longwood Gardens)<\/a><\/span><\/span><\/span><br \/>\n\t<span style=\"font-size:24px;\"><span style=\"color: #008000;\"><span style=\"font-family: georgia,serif;\"><a href=\"https:\/\/maadraim.itos.pl\/?page_id=9777\">P\u0142yn\u0105ca woda<\/a><br \/>\n\t<a href=\"https:\/\/maadraim.itos.pl\/?page_id=7587\">\u015aniadanie wiewi&oacute;rki<\/a><br \/>\n\t<a href=\"https:\/\/maadraim.itos.pl\/?page_id=7435\">G&oacute;rska woda<\/a><\/span><\/span><br \/>\n\t<span style=\"color: #008000;\"><span style=\"font-family: georgia,serif;\"><a href=\"https:\/\/maadraim.itos.pl\/?page_id=1564\">Kaczuszki 2<\/a><\/span><\/span><br \/>\n\t<span style=\"color: #008000;\"><span style=\"font-family: georgia,serif;\"><a href=\"https:\/\/maadraim.itos.pl\/?page_id=1554\">Nad zimow\u0105 rzek\u0105<\/a><\/span><\/span><br \/>\n\t<span style=\"color: #008000;\"><span style=\"font-family: georgia,serif;\"><a href=\"https:\/\/maadraim.itos.pl\/?page_id=1499\">Chi\u0144skie danie po mojemu<\/a><\/span><\/span><br \/>\n\t<span style=\"color: #008000;\"><span style=\"font-family: georgia,serif;\"><a href=\"https:\/\/maadraim.itos.pl\/?page_id=1485\">Kaczuszki<\/a><\/span><\/span><br \/>\n\t<span style=\"color: #008000;\"><span style=\"font-family: georgia,serif;\"><a href=\"https:\/\/maadraim.itos.pl\/?page_id=1437\">Bo\u017ce Narodzenie<\/a><\/span><\/span><br \/>\n\t<span style=\"color: #008000;\"><span style=\"font-family: georgia,serif;\"><a href=\"https:\/\/maadraim.itos.pl\/?page_id=1380\">Deszczowy dzie\u0144<\/a><\/span><\/span><br \/>\n\t<span style=\"color: #008000;\"><span style=\"font-family: georgia,serif;\"><a href=\"https:\/\/maadraim.itos.pl\/?page_id=1284\">Jesienny taniec<\/a><\/span><\/span><br \/>\n\t<span style=\"color: #008000;\"><span style=\"font-family: georgia,serif;\"><a href=\"https:\/\/maadraim.itos.pl\/?page_id=536\">Zapiekanka <\/a><\/span><\/span><br \/>\n\t<span style=\"color: #008000;\"><span style=\"font-family: georgia,serif;\"><a href=\"https:\/\/maadraim.itos.pl\/?page_id=867\">Wiewi&oacute;rki<\/a><\/span><\/span><\/span>\n<\/p>\n<p style=\"text-align: center;\">\n\t&nbsp;<\/p>\n","protected":false},"excerpt":{"rendered":"<p>Pokaz o\u015bwietlonych fontann (Longwood Gardens) P\u0142yn\u0105ca woda \u015aniadanie wiewi&oacute;rki G&oacute;rska woda Kaczuszki 2 Nad zimow\u0105 rzek\u0105 Chi\u0144skie danie po mojemu Kaczuszki Bo\u017ce Narodzenie Deszczowy dzie\u0144 Jesienny taniec Zapiekanka Wiewi&oacute;rki &nbsp;<\/p>\n","protected":false},"author":1,"featured_media":0,"parent":0,"menu_order":19,"comment_status":"closed","ping_status":"closed","template":"","meta":{"ngg_post_thumbnail":0,"footnotes":""},"class_list":["post-417","page","type-page","status-publish","hentry"],"yoast_head":"<!-- This site is optimized with the Yoast SEO plugin v27.3 - https:\/\/yoast.com\/product\/yoast-seo-wordpress\/ -->\n<title>Filmiki - Maadraim - strona z tw\u00f3rczo\u015bci\u0105<\/title>\n<meta name=\"description\" content=\"Miejsce artystycznej fantazji. Muzyka, zdj\u0119cia, filmiki, kartki.\" \/>\n<meta name=\"robots\" content=\"index, follow, max-snippet:-1, max-image-preview:large, max-video-preview:-1\" \/>\n<link rel=\"canonical\" href=\"https:\/\/maadraim.itos.pl\/?page_id=417\" \/>\n<meta property=\"og:locale\" content=\"pl_PL\" \/>\n<meta property=\"og:type\" content=\"article\" \/>\n<meta property=\"og:title\" content=\"Filmiki - Maadraim - strona z tw\u00f3rczo\u015bci\u0105\" \/>\n<meta property=\"og:description\" content=\"Miejsce artystycznej fantazji. Muzyka, zdj\u0119cia, filmiki, kartki.\" \/>\n<meta property=\"og:url\" content=\"https:\/\/maadraim.itos.pl\/?page_id=417\" \/>\n<meta property=\"og:site_name\" content=\"Maadraim - strona z tw\u00f3rczo\u015bci\u0105\" \/>\n<meta property=\"article:modified_time\" content=\"2025-05-28T16:25:26+00:00\" \/>\n<meta property=\"og:image\" content=\"https:\/\/maadraim.itos.pl\/wp-content\/uploads\/2023\/05\/Maadraim800.jpg\" \/>\n\t<meta property=\"og:image:width\" content=\"800\" \/>\n\t<meta property=\"og:image:height\" content=\"800\" \/>\n\t<meta property=\"og:image:type\" content=\"image\/jpeg\" \/>\n<meta name=\"twitter:card\" content=\"summary_large_image\" \/>\n<meta name=\"twitter:label1\" content=\"Szacowany czas czytania\" \/>\n\t<meta name=\"twitter:data1\" content=\"1 minuta\" \/>\n<script type=\"application\/ld+json\" class=\"yoast-schema-graph\">{\"@context\":\"https:\\\/\\\/schema.org\",\"@graph\":[{\"@type\":\"WebPage\",\"@id\":\"https:\\\/\\\/maadraim.itos.pl\\\/?page_id=417\",\"url\":\"https:\\\/\\\/maadraim.itos.pl\\\/?page_id=417\",\"name\":\"Filmiki - Maadraim - strona z tw\u00f3rczo\u015bci\u0105\",\"isPartOf\":{\"@id\":\"https:\\\/\\\/maadraim.itos.pl\\\/#website\"},\"datePublished\":\"2011-01-30T20:27:08+00:00\",\"dateModified\":\"2025-05-28T16:25:26+00:00\",\"description\":\"Miejsce artystycznej fantazji. Muzyka, zdj\u0119cia, filmiki, kartki.\",\"breadcrumb\":{\"@id\":\"https:\\\/\\\/maadraim.itos.pl\\\/?page_id=417#breadcrumb\"},\"inLanguage\":\"pl-PL\",\"potentialAction\":[{\"@type\":\"ReadAction\",\"target\":[\"https:\\\/\\\/maadraim.itos.pl\\\/?page_id=417\"]}]},{\"@type\":\"BreadcrumbList\",\"@id\":\"https:\\\/\\\/maadraim.itos.pl\\\/?page_id=417#breadcrumb\",\"itemListElement\":[{\"@type\":\"ListItem\",\"position\":1,\"name\":\"Strona g\u0142\u00f3wna\",\"item\":\"https:\\\/\\\/maadraim.itos.pl\\\/\"},{\"@type\":\"ListItem\",\"position\":2,\"name\":\"Filmiki\"}]},{\"@type\":\"WebSite\",\"@id\":\"https:\\\/\\\/maadraim.itos.pl\\\/#website\",\"url\":\"https:\\\/\\\/maadraim.itos.pl\\\/\",\"name\":\"Maadraim - strona z tw\u00f3rczo\u015bci\u0105\",\"description\":\"Miejsce artystycznej fantazji. Muzyka, zdj\u0119cia, filmiki, kartki.\",\"alternateName\":\"Maadraim\",\"potentialAction\":[{\"@type\":\"SearchAction\",\"target\":{\"@type\":\"EntryPoint\",\"urlTemplate\":\"https:\\\/\\\/maadraim.itos.pl\\\/?s={search_term_string}\"},\"query-input\":{\"@type\":\"PropertyValueSpecification\",\"valueRequired\":true,\"valueName\":\"search_term_string\"}}],\"inLanguage\":\"pl-PL\"}]}<\/script>\n<!-- \/ Yoast SEO plugin. -->","yoast_head_json":{"title":"Filmiki - Maadraim - strona z tw\u00f3rczo\u015bci\u0105","description":"Miejsce artystycznej fantazji. Muzyka, zdj\u0119cia, filmiki, kartki.","robots":{"index":"index","follow":"follow","max-snippet":"max-snippet:-1","max-image-preview":"max-image-preview:large","max-video-preview":"max-video-preview:-1"},"canonical":"https:\/\/maadraim.itos.pl\/?page_id=417","og_locale":"pl_PL","og_type":"article","og_title":"Filmiki - Maadraim - strona z tw\u00f3rczo\u015bci\u0105","og_description":"Miejsce artystycznej fantazji. Muzyka, zdj\u0119cia, filmiki, kartki.","og_url":"https:\/\/maadraim.itos.pl\/?page_id=417","og_site_name":"Maadraim - strona z tw\u00f3rczo\u015bci\u0105","article_modified_time":"2025-05-28T16:25:26+00:00","og_image":[{"width":800,"height":800,"url":"https:\/\/maadraim.itos.pl\/wp-content\/uploads\/2023\/05\/Maadraim800.jpg","type":"image\/jpeg"}],"twitter_card":"summary_large_image","twitter_misc":{"Szacowany czas czytania":"1 minuta"},"schema":{"@context":"https:\/\/schema.org","@graph":[{"@type":"WebPage","@id":"https:\/\/maadraim.itos.pl\/?page_id=417","url":"https:\/\/maadraim.itos.pl\/?page_id=417","name":"Filmiki - Maadraim - strona z tw\u00f3rczo\u015bci\u0105","isPartOf":{"@id":"https:\/\/maadraim.itos.pl\/#website"},"datePublished":"2011-01-30T20:27:08+00:00","dateModified":"2025-05-28T16:25:26+00:00","description":"Miejsce artystycznej fantazji. Muzyka, zdj\u0119cia, filmiki, kartki.","breadcrumb":{"@id":"https:\/\/maadraim.itos.pl\/?page_id=417#breadcrumb"},"inLanguage":"pl-PL","potentialAction":[{"@type":"ReadAction","target":["https:\/\/maadraim.itos.pl\/?page_id=417"]}]},{"@type":"BreadcrumbList","@id":"https:\/\/maadraim.itos.pl\/?page_id=417#breadcrumb","itemListElement":[{"@type":"ListItem","position":1,"name":"Strona g\u0142\u00f3wna","item":"https:\/\/maadraim.itos.pl\/"},{"@type":"ListItem","position":2,"name":"Filmiki"}]},{"@type":"WebSite","@id":"https:\/\/maadraim.itos.pl\/#website","url":"https:\/\/maadraim.itos.pl\/","name":"Maadraim - strona z tw\u00f3rczo\u015bci\u0105","description":"Miejsce artystycznej fantazji. Muzyka, zdj\u0119cia, filmiki, kartki.","alternateName":"Maadraim","potentialAction":[{"@type":"SearchAction","target":{"@type":"EntryPoint","urlTemplate":"https:\/\/maadraim.itos.pl\/?s={search_term_string}"},"query-input":{"@type":"PropertyValueSpecification","valueRequired":true,"valueName":"search_term_string"}}],"inLanguage":"pl-PL"}]}},"_links":{"self":[{"href":"https:\/\/maadraim.itos.pl\/index.php?rest_route=\/wp\/v2\/pages\/417","targetHints":{"allow":["GET"]}}],"collection":[{"href":"https:\/\/maadraim.itos.pl\/index.php?rest_route=\/wp\/v2\/pages"}],"about":[{"href":"https:\/\/maadraim.itos.pl\/index.php?rest_route=\/wp\/v2\/types\/page"}],"author":[{"embeddable":true,"href":"https:\/\/maadraim.itos.pl\/index.php?rest_route=\/wp\/v2\/users\/1"}],"replies":[{"embeddable":true,"href":"https:\/\/maadraim.itos.pl\/index.php?rest_route=%2Fwp%2Fv2%2Fcomments&post=417"}],"version-history":[{"count":173,"href":"https:\/\/maadraim.itos.pl\/index.php?rest_route=\/wp\/v2\/pages\/417\/revisions"}],"predecessor-version":[{"id":15461,"href":"https:\/\/maadraim.itos.pl\/index.php?rest_route=\/wp\/v2\/pages\/417\/revisions\/15461"}],"wp:attachment":[{"href":"https:\/\/maadraim.itos.pl\/index.php?rest_route=%2Fwp%2Fv2%2Fmedia&parent=417"}],"curies":[{"name":"wp","href":"https:\/\/api.w.org\/{rel}","templated":true}]}}