{"id":1317,"date":"2011-11-17T15:46:40","date_gmt":"2011-11-17T14:46:40","guid":{"rendered":"http:\/\/maadraim.itos.pl\/?page_id=1317"},"modified":"2025-12-04T18:34:54","modified_gmt":"2025-12-04T17:34:54","slug":"kartki-swiateczne-2","status":"publish","type":"page","link":"https:\/\/maadraim.itos.pl\/?page_id=1317","title":{"rendered":"\u015bwi\u0105teczne"},"content":{"rendered":"<p style=\"text-align: center;\">\n\t&nbsp;\n<\/p>\n<p style=\"text-align: center;\">\n\t<a href=\"http:\/\/maadraim.itos.pl\/?page_id=1648\"><img decoding=\"async\" alt=\"\" src=\"http:\/\/maadraim.itos.pl\/multimedia\/obrazki\/szablon\/sw_bn.jpg\" style=\"width: 245px; height: 63px;\" \/><\/a>\n<\/p>\n<p style=\"text-align: center;\">\n\t<a href=\"http:\/\/maadraim.itos.pl\/?page_id=1788\"><img decoding=\"async\" alt=\"\" src=\"http:\/\/maadraim.itos.pl\/multimedia\/obrazki\/szablon\/bn_nr.jpg\" style=\"width: 245px; height: 63px;\" \/><\/a>\n<\/p>\n<p style=\"text-align: center;\">\n\t<a href=\"https:\/\/maadraim.itos.pl\/?page_id=1787\"><img decoding=\"async\" alt=\"\" src=\"http:\/\/maadraim.itos.pl\/multimedia\/obrazki\/szablon\/nowyrok.jpg\" style=\"width: 245px; height: 63px;\" \/><\/a>\n<\/p>\n<p style=\"text-align: center;\">\n\t<a href=\"http:\/\/maadraim.itos.pl\/?page_id=1653\"><img decoding=\"async\" alt=\"\" src=\"http:\/\/maadraim.itos.pl\/multimedia\/obrazki\/szablon\/sw_wi.jpg\" style=\"width: 245px; height: 63px;\" \/><\/a>\n<\/p>\n<p style=\"text-align: center;\">\n\t<a href=\"http:\/\/maadraim.itos.pl\/?page_id=1655\"><img decoding=\"async\" alt=\"\" src=\"http:\/\/maadraim.itos.pl\/multimedia\/obrazki\/szablon\/sw_wa.jpg\" style=\"width: 245px; height: 63px;\" \/><\/a>\n<\/p>\n<p style=\"text-align: center;\">\n\t&nbsp;\n<\/p>\n<p style=\"text-align: center;\">\n\t&nbsp;<\/p>\n","protected":false},"excerpt":{"rendered":"<p>&nbsp; &nbsp; &nbsp;<\/p>\n","protected":false},"author":1,"featured_media":0,"parent":1013,"menu_order":0,"comment_status":"closed","ping_status":"closed","template":"","meta":{"ngg_post_thumbnail":0,"footnotes":""},"class_list":["post-1317","page","type-page","status-publish","hentry"],"yoast_head":"<!-- This site is optimized with the Yoast SEO plugin v27.3 - https:\/\/yoast.com\/product\/yoast-seo-wordpress\/ -->\n<title>\u015bwi\u0105teczne - Maadraim - strona z tw\u00f3rczo\u015bci\u0105<\/title>\n<meta name=\"description\" content=\"Miejsce artystycznej fantazji. Muzyka, zdj\u0119cia, filmiki, kartki.\" \/>\n<meta name=\"robots\" content=\"index, follow, max-snippet:-1, max-image-preview:large, max-video-preview:-1\" \/>\n<link rel=\"canonical\" href=\"https:\/\/maadraim.itos.pl\/?page_id=1317\" \/>\n<meta property=\"og:locale\" content=\"pl_PL\" \/>\n<meta property=\"og:type\" content=\"article\" \/>\n<meta property=\"og:title\" content=\"\u015bwi\u0105teczne - Maadraim - strona z tw\u00f3rczo\u015bci\u0105\" \/>\n<meta property=\"og:description\" content=\"Miejsce artystycznej fantazji. Muzyka, zdj\u0119cia, filmiki, kartki.\" \/>\n<meta property=\"og:url\" content=\"https:\/\/maadraim.itos.pl\/?page_id=1317\" \/>\n<meta property=\"og:site_name\" content=\"Maadraim - strona z tw\u00f3rczo\u015bci\u0105\" \/>\n<meta property=\"article:modified_time\" content=\"2025-12-04T17:34:54+00:00\" \/>\n<meta property=\"og:image\" content=\"http:\/\/maadraim.itos.pl\/multimedia\/obrazki\/szablon\/sw_bn.jpg\" \/>\n<meta name=\"twitter:card\" content=\"summary_large_image\" \/>\n<meta name=\"twitter:label1\" content=\"Szacowany czas czytania\" \/>\n\t<meta name=\"twitter:data1\" content=\"1 minuta\" \/>\n<script type=\"application\/ld+json\" class=\"yoast-schema-graph\">{\"@context\":\"https:\\\/\\\/schema.org\",\"@graph\":[{\"@type\":\"WebPage\",\"@id\":\"https:\\\/\\\/maadraim.itos.pl\\\/?page_id=1317\",\"url\":\"https:\\\/\\\/maadraim.itos.pl\\\/?page_id=1317\",\"name\":\"\u015bwi\u0105teczne - Maadraim - strona z tw\u00f3rczo\u015bci\u0105\",\"isPartOf\":{\"@id\":\"https:\\\/\\\/maadraim.itos.pl\\\/#website\"},\"primaryImageOfPage\":{\"@id\":\"https:\\\/\\\/maadraim.itos.pl\\\/?page_id=1317#primaryimage\"},\"image\":{\"@id\":\"https:\\\/\\\/maadraim.itos.pl\\\/?page_id=1317#primaryimage\"},\"thumbnailUrl\":\"http:\\\/\\\/maadraim.itos.pl\\\/multimedia\\\/obrazki\\\/szablon\\\/sw_bn.jpg\",\"datePublished\":\"2011-11-17T14:46:40+00:00\",\"dateModified\":\"2025-12-04T17:34:54+00:00\",\"description\":\"Miejsce artystycznej fantazji. Muzyka, zdj\u0119cia, filmiki, kartki.\",\"breadcrumb\":{\"@id\":\"https:\\\/\\\/maadraim.itos.pl\\\/?page_id=1317#breadcrumb\"},\"inLanguage\":\"pl-PL\",\"potentialAction\":[{\"@type\":\"ReadAction\",\"target\":[\"https:\\\/\\\/maadraim.itos.pl\\\/?page_id=1317\"]}]},{\"@type\":\"ImageObject\",\"inLanguage\":\"pl-PL\",\"@id\":\"https:\\\/\\\/maadraim.itos.pl\\\/?page_id=1317#primaryimage\",\"url\":\"http:\\\/\\\/maadraim.itos.pl\\\/multimedia\\\/obrazki\\\/szablon\\\/sw_bn.jpg\",\"contentUrl\":\"http:\\\/\\\/maadraim.itos.pl\\\/multimedia\\\/obrazki\\\/szablon\\\/sw_bn.jpg\"},{\"@type\":\"BreadcrumbList\",\"@id\":\"https:\\\/\\\/maadraim.itos.pl\\\/?page_id=1317#breadcrumb\",\"itemListElement\":[{\"@type\":\"ListItem\",\"position\":1,\"name\":\"Strona g\u0142\u00f3wna\",\"item\":\"https:\\\/\\\/maadraim.itos.pl\\\/\"},{\"@type\":\"ListItem\",\"position\":2,\"name\":\"Kartki\",\"item\":\"https:\\\/\\\/maadraim.itos.pl\\\/?page_id=1013\"},{\"@type\":\"ListItem\",\"position\":3,\"name\":\"\u015bwi\u0105teczne\"}]},{\"@type\":\"WebSite\",\"@id\":\"https:\\\/\\\/maadraim.itos.pl\\\/#website\",\"url\":\"https:\\\/\\\/maadraim.itos.pl\\\/\",\"name\":\"Maadraim - strona z tw\u00f3rczo\u015bci\u0105\",\"description\":\"Miejsce artystycznej fantazji. Muzyka, zdj\u0119cia, filmiki, kartki.\",\"alternateName\":\"Maadraim\",\"potentialAction\":[{\"@type\":\"SearchAction\",\"target\":{\"@type\":\"EntryPoint\",\"urlTemplate\":\"https:\\\/\\\/maadraim.itos.pl\\\/?s={search_term_string}\"},\"query-input\":{\"@type\":\"PropertyValueSpecification\",\"valueRequired\":true,\"valueName\":\"search_term_string\"}}],\"inLanguage\":\"pl-PL\"}]}<\/script>\n<!-- \/ Yoast SEO plugin. -->","yoast_head_json":{"title":"\u015bwi\u0105teczne - Maadraim - strona z tw\u00f3rczo\u015bci\u0105","description":"Miejsce artystycznej fantazji. Muzyka, zdj\u0119cia, filmiki, kartki.","robots":{"index":"index","follow":"follow","max-snippet":"max-snippet:-1","max-image-preview":"max-image-preview:large","max-video-preview":"max-video-preview:-1"},"canonical":"https:\/\/maadraim.itos.pl\/?page_id=1317","og_locale":"pl_PL","og_type":"article","og_title":"\u015bwi\u0105teczne - Maadraim - strona z tw\u00f3rczo\u015bci\u0105","og_description":"Miejsce artystycznej fantazji. Muzyka, zdj\u0119cia, filmiki, kartki.","og_url":"https:\/\/maadraim.itos.pl\/?page_id=1317","og_site_name":"Maadraim - strona z tw\u00f3rczo\u015bci\u0105","article_modified_time":"2025-12-04T17:34:54+00:00","og_image":[{"url":"http:\/\/maadraim.itos.pl\/multimedia\/obrazki\/szablon\/sw_bn.jpg","type":"","width":"","height":""}],"twitter_card":"summary_large_image","twitter_misc":{"Szacowany czas czytania":"1 minuta"},"schema":{"@context":"https:\/\/schema.org","@graph":[{"@type":"WebPage","@id":"https:\/\/maadraim.itos.pl\/?page_id=1317","url":"https:\/\/maadraim.itos.pl\/?page_id=1317","name":"\u015bwi\u0105teczne - Maadraim - strona z tw\u00f3rczo\u015bci\u0105","isPartOf":{"@id":"https:\/\/maadraim.itos.pl\/#website"},"primaryImageOfPage":{"@id":"https:\/\/maadraim.itos.pl\/?page_id=1317#primaryimage"},"image":{"@id":"https:\/\/maadraim.itos.pl\/?page_id=1317#primaryimage"},"thumbnailUrl":"http:\/\/maadraim.itos.pl\/multimedia\/obrazki\/szablon\/sw_bn.jpg","datePublished":"2011-11-17T14:46:40+00:00","dateModified":"2025-12-04T17:34:54+00:00","description":"Miejsce artystycznej fantazji. Muzyka, zdj\u0119cia, filmiki, kartki.","breadcrumb":{"@id":"https:\/\/maadraim.itos.pl\/?page_id=1317#breadcrumb"},"inLanguage":"pl-PL","potentialAction":[{"@type":"ReadAction","target":["https:\/\/maadraim.itos.pl\/?page_id=1317"]}]},{"@type":"ImageObject","inLanguage":"pl-PL","@id":"https:\/\/maadraim.itos.pl\/?page_id=1317#primaryimage","url":"http:\/\/maadraim.itos.pl\/multimedia\/obrazki\/szablon\/sw_bn.jpg","contentUrl":"http:\/\/maadraim.itos.pl\/multimedia\/obrazki\/szablon\/sw_bn.jpg"},{"@type":"BreadcrumbList","@id":"https:\/\/maadraim.itos.pl\/?page_id=1317#breadcrumb","itemListElement":[{"@type":"ListItem","position":1,"name":"Strona g\u0142\u00f3wna","item":"https:\/\/maadraim.itos.pl\/"},{"@type":"ListItem","position":2,"name":"Kartki","item":"https:\/\/maadraim.itos.pl\/?page_id=1013"},{"@type":"ListItem","position":3,"name":"\u015bwi\u0105teczne"}]},{"@type":"WebSite","@id":"https:\/\/maadraim.itos.pl\/#website","url":"https:\/\/maadraim.itos.pl\/","name":"Maadraim - strona z tw\u00f3rczo\u015bci\u0105","description":"Miejsce artystycznej fantazji. Muzyka, zdj\u0119cia, filmiki, kartki.","alternateName":"Maadraim","potentialAction":[{"@type":"SearchAction","target":{"@type":"EntryPoint","urlTemplate":"https:\/\/maadraim.itos.pl\/?s={search_term_string}"},"query-input":{"@type":"PropertyValueSpecification","valueRequired":true,"valueName":"search_term_string"}}],"inLanguage":"pl-PL"}]}},"_links":{"self":[{"href":"https:\/\/maadraim.itos.pl\/index.php?rest_route=\/wp\/v2\/pages\/1317","targetHints":{"allow":["GET"]}}],"collection":[{"href":"https:\/\/maadraim.itos.pl\/index.php?rest_route=\/wp\/v2\/pages"}],"about":[{"href":"https:\/\/maadraim.itos.pl\/index.php?rest_route=\/wp\/v2\/types\/page"}],"author":[{"embeddable":true,"href":"https:\/\/maadraim.itos.pl\/index.php?rest_route=\/wp\/v2\/users\/1"}],"replies":[{"embeddable":true,"href":"https:\/\/maadraim.itos.pl\/index.php?rest_route=%2Fwp%2Fv2%2Fcomments&post=1317"}],"version-history":[{"count":11,"href":"https:\/\/maadraim.itos.pl\/index.php?rest_route=\/wp\/v2\/pages\/1317\/revisions"}],"predecessor-version":[{"id":15872,"href":"https:\/\/maadraim.itos.pl\/index.php?rest_route=\/wp\/v2\/pages\/1317\/revisions\/15872"}],"up":[{"embeddable":true,"href":"https:\/\/maadraim.itos.pl\/index.php?rest_route=\/wp\/v2\/pages\/1013"}],"wp:attachment":[{"href":"https:\/\/maadraim.itos.pl\/index.php?rest_route=%2Fwp%2Fv2%2Fmedia&parent=1317"}],"curies":[{"name":"wp","href":"https:\/\/api.w.org\/{rel}","templated":true}]}}