{"id":1308,"date":"2011-11-17T15:25:24","date_gmt":"2011-11-17T14:25:24","guid":{"rendered":"http:\/\/maadraim.itos.pl\/?page_id=1308"},"modified":"2024-04-28T15:52:25","modified_gmt":"2024-04-28T14:52:25","slug":"kartki-rozne","status":"publish","type":"page","link":"https:\/\/maadraim.itos.pl\/?page_id=1308","title":{"rendered":"r\u00f3\u017cne"},"content":{"rendered":"ngg_shortcode_0_placeholder\n","protected":false},"excerpt":{"rendered":"","protected":false},"author":1,"featured_media":0,"parent":1013,"menu_order":1,"comment_status":"closed","ping_status":"closed","template":"","meta":{"ngg_post_thumbnail":0,"footnotes":""},"class_list":["post-1308","page","type-page","status-publish","hentry"],"yoast_head":"<!-- This site is optimized with the Yoast SEO plugin v27.3 - https:\/\/yoast.com\/product\/yoast-seo-wordpress\/ -->\n<title>r\u00f3\u017cne - Maadraim - strona z tw\u00f3rczo\u015bci\u0105<\/title>\n<meta name=\"description\" content=\"Miejsce artystycznej fantazji. Muzyka, zdj\u0119cia, filmiki, kartki.\" \/>\n<meta name=\"robots\" content=\"index, follow, max-snippet:-1, max-image-preview:large, max-video-preview:-1\" \/>\n<link rel=\"canonical\" href=\"https:\/\/maadraim.itos.pl\/?page_id=1308\" \/>\n<meta property=\"og:locale\" content=\"pl_PL\" \/>\n<meta property=\"og:type\" content=\"article\" \/>\n<meta property=\"og:title\" content=\"r\u00f3\u017cne - Maadraim - strona z tw\u00f3rczo\u015bci\u0105\" \/>\n<meta property=\"og:description\" content=\"Miejsce artystycznej fantazji. Muzyka, zdj\u0119cia, filmiki, kartki.\" \/>\n<meta property=\"og:url\" content=\"https:\/\/maadraim.itos.pl\/?page_id=1308\" \/>\n<meta property=\"og:site_name\" content=\"Maadraim - strona z tw\u00f3rczo\u015bci\u0105\" \/>\n<meta property=\"article:modified_time\" content=\"2024-04-28T14:52:25+00:00\" \/>\n<meta property=\"og:image\" content=\"https:\/\/maadraim.itos.pl\/wp-content\/uploads\/2023\/05\/Maadraim800.jpg\" \/>\n\t<meta property=\"og:image:width\" content=\"800\" \/>\n\t<meta property=\"og:image:height\" content=\"800\" \/>\n\t<meta property=\"og:image:type\" content=\"image\/jpeg\" \/>\n<meta name=\"twitter:card\" content=\"summary_large_image\" \/>\n<meta name=\"twitter:label1\" content=\"Szacowany czas czytania\" \/>\n\t<meta name=\"twitter:data1\" content=\"1 minuta\" \/>\n<script type=\"application\/ld+json\" class=\"yoast-schema-graph\">{\"@context\":\"https:\\\/\\\/schema.org\",\"@graph\":[{\"@type\":\"WebPage\",\"@id\":\"https:\\\/\\\/maadraim.itos.pl\\\/?page_id=1308\",\"url\":\"https:\\\/\\\/maadraim.itos.pl\\\/?page_id=1308\",\"name\":\"r\u00f3\u017cne - Maadraim - strona z tw\u00f3rczo\u015bci\u0105\",\"isPartOf\":{\"@id\":\"https:\\\/\\\/maadraim.itos.pl\\\/#website\"},\"datePublished\":\"2011-11-17T14:25:24+00:00\",\"dateModified\":\"2024-04-28T14:52:25+00:00\",\"description\":\"Miejsce artystycznej fantazji. Muzyka, zdj\u0119cia, filmiki, kartki.\",\"breadcrumb\":{\"@id\":\"https:\\\/\\\/maadraim.itos.pl\\\/?page_id=1308#breadcrumb\"},\"inLanguage\":\"pl-PL\",\"potentialAction\":[{\"@type\":\"ReadAction\",\"target\":[\"https:\\\/\\\/maadraim.itos.pl\\\/?page_id=1308\"]}]},{\"@type\":\"BreadcrumbList\",\"@id\":\"https:\\\/\\\/maadraim.itos.pl\\\/?page_id=1308#breadcrumb\",\"itemListElement\":[{\"@type\":\"ListItem\",\"position\":1,\"name\":\"Strona g\u0142\u00f3wna\",\"item\":\"https:\\\/\\\/maadraim.itos.pl\\\/\"},{\"@type\":\"ListItem\",\"position\":2,\"name\":\"Kartki\",\"item\":\"https:\\\/\\\/maadraim.itos.pl\\\/?page_id=1013\"},{\"@type\":\"ListItem\",\"position\":3,\"name\":\"r\u00f3\u017cne\"}]},{\"@type\":\"WebSite\",\"@id\":\"https:\\\/\\\/maadraim.itos.pl\\\/#website\",\"url\":\"https:\\\/\\\/maadraim.itos.pl\\\/\",\"name\":\"Maadraim - strona z tw\u00f3rczo\u015bci\u0105\",\"description\":\"Miejsce artystycznej fantazji. Muzyka, zdj\u0119cia, filmiki, kartki.\",\"alternateName\":\"Maadraim\",\"potentialAction\":[{\"@type\":\"SearchAction\",\"target\":{\"@type\":\"EntryPoint\",\"urlTemplate\":\"https:\\\/\\\/maadraim.itos.pl\\\/?s={search_term_string}\"},\"query-input\":{\"@type\":\"PropertyValueSpecification\",\"valueRequired\":true,\"valueName\":\"search_term_string\"}}],\"inLanguage\":\"pl-PL\"}]}<\/script>\n<!-- \/ Yoast SEO plugin. -->","yoast_head_json":{"title":"r\u00f3\u017cne - Maadraim - strona z tw\u00f3rczo\u015bci\u0105","description":"Miejsce artystycznej fantazji. Muzyka, zdj\u0119cia, filmiki, kartki.","robots":{"index":"index","follow":"follow","max-snippet":"max-snippet:-1","max-image-preview":"max-image-preview:large","max-video-preview":"max-video-preview:-1"},"canonical":"https:\/\/maadraim.itos.pl\/?page_id=1308","og_locale":"pl_PL","og_type":"article","og_title":"r\u00f3\u017cne - Maadraim - strona z tw\u00f3rczo\u015bci\u0105","og_description":"Miejsce artystycznej fantazji. Muzyka, zdj\u0119cia, filmiki, kartki.","og_url":"https:\/\/maadraim.itos.pl\/?page_id=1308","og_site_name":"Maadraim - strona z tw\u00f3rczo\u015bci\u0105","article_modified_time":"2024-04-28T14:52:25+00:00","og_image":[{"width":800,"height":800,"url":"https:\/\/maadraim.itos.pl\/wp-content\/uploads\/2023\/05\/Maadraim800.jpg","type":"image\/jpeg"}],"twitter_card":"summary_large_image","twitter_misc":{"Szacowany czas czytania":"1 minuta"},"schema":{"@context":"https:\/\/schema.org","@graph":[{"@type":"WebPage","@id":"https:\/\/maadraim.itos.pl\/?page_id=1308","url":"https:\/\/maadraim.itos.pl\/?page_id=1308","name":"r\u00f3\u017cne - Maadraim - strona z tw\u00f3rczo\u015bci\u0105","isPartOf":{"@id":"https:\/\/maadraim.itos.pl\/#website"},"datePublished":"2011-11-17T14:25:24+00:00","dateModified":"2024-04-28T14:52:25+00:00","description":"Miejsce artystycznej fantazji. Muzyka, zdj\u0119cia, filmiki, kartki.","breadcrumb":{"@id":"https:\/\/maadraim.itos.pl\/?page_id=1308#breadcrumb"},"inLanguage":"pl-PL","potentialAction":[{"@type":"ReadAction","target":["https:\/\/maadraim.itos.pl\/?page_id=1308"]}]},{"@type":"BreadcrumbList","@id":"https:\/\/maadraim.itos.pl\/?page_id=1308#breadcrumb","itemListElement":[{"@type":"ListItem","position":1,"name":"Strona g\u0142\u00f3wna","item":"https:\/\/maadraim.itos.pl\/"},{"@type":"ListItem","position":2,"name":"Kartki","item":"https:\/\/maadraim.itos.pl\/?page_id=1013"},{"@type":"ListItem","position":3,"name":"r\u00f3\u017cne"}]},{"@type":"WebSite","@id":"https:\/\/maadraim.itos.pl\/#website","url":"https:\/\/maadraim.itos.pl\/","name":"Maadraim - strona z tw\u00f3rczo\u015bci\u0105","description":"Miejsce artystycznej fantazji. Muzyka, zdj\u0119cia, filmiki, kartki.","alternateName":"Maadraim","potentialAction":[{"@type":"SearchAction","target":{"@type":"EntryPoint","urlTemplate":"https:\/\/maadraim.itos.pl\/?s={search_term_string}"},"query-input":{"@type":"PropertyValueSpecification","valueRequired":true,"valueName":"search_term_string"}}],"inLanguage":"pl-PL"}]}},"_links":{"self":[{"href":"https:\/\/maadraim.itos.pl\/index.php?rest_route=\/wp\/v2\/pages\/1308","targetHints":{"allow":["GET"]}}],"collection":[{"href":"https:\/\/maadraim.itos.pl\/index.php?rest_route=\/wp\/v2\/pages"}],"about":[{"href":"https:\/\/maadraim.itos.pl\/index.php?rest_route=\/wp\/v2\/types\/page"}],"author":[{"embeddable":true,"href":"https:\/\/maadraim.itos.pl\/index.php?rest_route=\/wp\/v2\/users\/1"}],"replies":[{"embeddable":true,"href":"https:\/\/maadraim.itos.pl\/index.php?rest_route=%2Fwp%2Fv2%2Fcomments&post=1308"}],"version-history":[{"count":4,"href":"https:\/\/maadraim.itos.pl\/index.php?rest_route=\/wp\/v2\/pages\/1308\/revisions"}],"predecessor-version":[{"id":14792,"href":"https:\/\/maadraim.itos.pl\/index.php?rest_route=\/wp\/v2\/pages\/1308\/revisions\/14792"}],"up":[{"embeddable":true,"href":"https:\/\/maadraim.itos.pl\/index.php?rest_route=\/wp\/v2\/pages\/1013"}],"wp:attachment":[{"href":"https:\/\/maadraim.itos.pl\/index.php?rest_route=%2Fwp%2Fv2%2Fmedia&parent=1308"}],"curies":[{"name":"wp","href":"https:\/\/api.w.org\/{rel}","templated":true}]}}