{"id":121,"date":"2011-01-10T16:05:19","date_gmt":"2011-01-10T16:05:19","guid":{"rendered":"http:\/\/maadraim.itos.pl\/?page_id=121"},"modified":"2026-01-22T20:23:35","modified_gmt":"2026-01-22T19:23:35","slug":"albumy","status":"publish","type":"page","link":"https:\/\/maadraim.itos.pl\/?page_id=121","title":{"rendered":"Albumy muzyczne"},"content":{"rendered":"<p style=\"text-align: center;\">&nbsp;<\/p>\n<p style=\"text-align: center;\"><span style=\"font-size: 26px;\"><span style=\"color: #996666;\"><span style=\"font-family: trebuchet ms;\">Najnowszy album<\/span><\/span><\/span><\/p>\n<p style=\"text-align: center;\"><a href=\"https:\/\/maadraim.itos.pl\/?page_id=16347\"><img decoding=\"async\" style=\"width: 240px; height: 240px;\" src=\"http:\/\/maadraim.itos.pl\/multimedia\/muzyka\/albumy\/Maadraim_Tajemniczy_obroncy_ludzkosci_3_1600.jpg\" alt=\"\"><\/a><\/p>\n<p style=\"text-align: center;\">&nbsp;<\/p>\n<p style=\"text-align: center;\"><span style=\"color: #339966;\"><span style=\"font-family: trebuchet ms,helvetica,sans-serif;\"><span style=\"font-size: 26px;\">Seria &#8222;\u017bycia&#8221;<\/span><\/span><\/span><\/p>\n<p style=\"text-align: center;\"><a href=\"https:\/\/maadraim.itos.pl\/?page_id=1247\"><img loading=\"lazy\" decoding=\"async\" src=\"http:\/\/maadraim.itos.pl\/multimedia\/muzyka\/albumy\/Maadraim_Przesylka_zycia.jpg\" alt=\"\" width=\"160\" height=\"160\"><\/a>&nbsp; <a href=\"http:\/\/maadraim.itos.pl\/?page_id=2269\"><img decoding=\"async\" style=\"width: 160px; height: 160px;\" src=\"https:\/\/maadraim.itos.pl\/multimedia\/muzyka\/albumy\/Maadraim_Decyzja_zycia.jpg\" alt=\"\">&nbsp; <\/a><a href=\"https:\/\/maadraim.itos.pl\/?page_id=2369\"><img loading=\"lazy\" decoding=\"async\" src=\"https:\/\/maadraim.itos.pl\/multimedia\/muzyka\/albumy\/Maadraim_Swiatlo_i_mrok_zycia.jpg\" alt=\"\" width=\"160\" height=\"160\"> &nbsp;<\/a><a href=\"https:\/\/maadraim.itos.pl\/?page_id=2561\"><img decoding=\"async\" style=\"width: 160px; height: 160px;\" src=\"https:\/\/maadraim.itos.pl\/multimedia\/muzyka\/albumy\/Maadraim_Oddech_zycia_mn.jpg\" alt=\"\"><\/a><\/p>\n<p style=\"text-align: center;\"><a href=\"https:\/\/maadraim.itos.pl\/?page_id=2634\"><img loading=\"lazy\" decoding=\"async\" src=\"https:\/\/maadraim.itos.pl\/multimedia\/muzyka\/albumy\/Maadraim_Ogrod_zycia_mn.jpg\" alt=\"\" width=\"160\" height=\"160\"><\/a>&nbsp; <a href=\"https:\/\/maadraim.itos.pl\/?page_id=3167\"><img loading=\"lazy\" decoding=\"async\" src=\"https:\/\/maadraim.itos.pl\/multimedia\/muzyka\/albumy\/Maadraim_Porozumienie_zycia_420.jpg\" alt=\"\" width=\"160\" height=\"160\"><\/a>&nbsp; <a href=\"https:\/\/maadraim.itos.pl\/?page_id=3619\"> <img decoding=\"async\" style=\"width: 160px; height: 160px;\" src=\"https:\/\/maadraim.itos.pl\/multimedia\/muzyka\/albumy\/Maadraim_Drzewo_zycia_420_j90.jpg\" alt=\"\">&nbsp; <\/a><a href=\"https:\/\/maadraim.itos.pl\/?page_id=4279\"><img decoding=\"async\" style=\"width: 160px; height: 160px;\" src=\"https:\/\/maadraim.itos.pl\/multimedia\/muzyka\/albumy\/Maadraim_Plan_zycia_800.jpg\" alt=\"\">&nbsp; <\/a><\/p>\n<p style=\"text-align: center;\"><a href=\"https:\/\/maadraim.itos.pl\/?page_id=5056\"><img decoding=\"async\" style=\"width: 160px; height: 160px;\" src=\"http:\/\/maadraim.itos.pl\/multimedia\/muzyka\/albumy\/Maadraim_Budowla_zycia_1000.jpg\" alt=\"\"><\/a>&nbsp; <a href=\"https:\/\/maadraim.itos.pl\/?page_id=8013\"><img decoding=\"async\" style=\"width: 160px; height: 160px;\" src=\"http:\/\/maadraim.itos.pl\/multimedia\/muzyka\/albumy\/Maadraim_Bogini_zycia_1000.jpg\" alt=\"\"><\/a>&nbsp; <a href=\"https:\/\/maadraim.itos.pl\/?page_id=9219\"><img decoding=\"async\" style=\"width: 160px; height: 160px;\" src=\"http:\/\/maadraim.itos.pl\/multimedia\/muzyka\/albumy\/Maadraim_Odwilz_zycia_1000.jpg\" alt=\"\"><\/a>&nbsp; <a href=\"https:\/\/maadraim.itos.pl\/?page_id=9463\"><img decoding=\"async\" style=\"width: 160px; height: 160px;\" src=\"http:\/\/maadraim.itos.pl\/multimedia\/muzyka\/albumy\/Maadraim_Woda_zycia_1400.jpg\" alt=\"\"><\/a><\/p>\n<p style=\"text-align: center;\"><a href=\"https:\/\/maadraim.itos.pl\/?page_id=10116\"><img decoding=\"async\" style=\"width: 160px; height: 160px;\" src=\"http:\/\/maadraim.itos.pl\/multimedia\/muzyka\/albumy\/Maadraim_Brama_zycia_1000.jpg\" alt=\"\"><\/a>&nbsp; <a href=\"https:\/\/maadraim.itos.pl\/?page_id=14473\"><img decoding=\"async\" style=\"width: 160px; height: 160px;\" src=\"http:\/\/maadraim.itos.pl\/multimedia\/muzyka\/albumy\/Maadraim_Wspolnota_zycia_1400.jpg\" alt=\"\"><\/a>&nbsp;&nbsp;<a href=\"https:\/\/maadraim.itos.pl\/?page_id=15063\"><img decoding=\"async\" style=\"width: 160px; height: 160px;\" src=\"http:\/\/maadraim.itos.pl\/multimedia\/muzyka\/albumy\/Maadraim_Wydarzenie_zycia_1400.jpg\" alt=\"\"><\/a><a href=\"https:\/\/maadraim.itos.pl\/?page_id=15402\">&nbsp; <img decoding=\"async\" style=\"width: 160px; height: 160px;\" src=\"http:\/\/maadraim.itos.pl\/multimedia\/muzyka\/albumy\/Maadraim_Lzy_zycia.jpg\" alt=\"\"><\/a><\/p>\n<p>&nbsp;<\/p>\n<p style=\"text-align: center;\"><span style=\"color: #996666;\"><span style=\"font-family: trebuchet ms,helvetica,sans-serif;\"><span style=\"font-size: 26px;\">Inne albumy<\/span><\/span><\/span><\/p>\n<p style=\"text-align: center;\"><span class=\"shutterset_\"><a href=\"https:\/\/maadraim.itos.pl\/?page_id=1065\"><img decoding=\"async\" style=\"width: 160px; height: 160px;\" src=\"https:\/\/maadraim.itos.pl\/multimedia\/muzyka\/albumy\/Maadraim_Planeta_fantazji_i_zmyslow.jpg\" alt=\"\"><\/a> <\/span><span class=\"shutterset_\"><a href=\"https:\/\/maadraim.itos.pl\/?page_id=1220\"><img decoding=\"async\" style=\"width: 160px; height: 160px;\" src=\"https:\/\/maadraim.itos.pl\/multimedia\/muzyka\/albumy\/Maadraim_zsercadoserca.jpg\" alt=\"\"><\/a> <\/span><a class=\"shutterset_\" title=\"relaksacjna\" href=\"https:\/\/maadraim.itos.pl\/?page_id=1240\"><img decoding=\"async\" style=\"width: 160px; height: 160px;\" src=\"https:\/\/maadraim.itos.pl\/multimedia\/muzyka\/albumy\/Maadraim_Magia_zimowych_swiat.jpg\" alt=\"\"><\/a> <a href=\"https:\/\/maadraim.itos.pl\/?page_id=1265\"><img decoding=\"async\" style=\"width: 160px; height: 160px;\" src=\"https:\/\/maadraim.itos.pl\/multimedia\/muzyka\/albumy\/Maadraim_W_zadumie.jpg\" alt=\"\"><\/a><\/p>\n<p style=\"text-align: center;\"><a class=\"shutterset_\" title=\"relaksacjna\" href=\"https:\/\/maadraim.itos.pl\/?page_id=1731\"><img decoding=\"async\" style=\"width: 160px; height: 160px;\" src=\"https:\/\/maadraim.itos.pl\/multimedia\/muzyka\/albumy\/Maadraim_Powrot_opiekuna_lasu.jpg\" alt=\"\"><\/a><a href=\"https:\/\/maadraim.itos.pl\/?page_id=1667\"> <img decoding=\"async\" style=\"width: 160px; height: 160px;\" src=\"https:\/\/maadraim.itos.pl\/multimedia\/muzyka\/albumy\/Maadraim_Wymiar_magicznej_teczy.jpg\" alt=\"\"><\/a> <a href=\"https:\/\/maadraim.itos.pl\/?page_id=2118\"><img decoding=\"async\" style=\"width: 160px; height: 160px;\" src=\"https:\/\/maadraim.itos.pl\/multimedia\/muzyka\/albumy\/Maadraim_Tajemniczy_obroncy_ludzkosci.jpg\" alt=\"\"> <\/a><a href=\"https:\/\/maadraim.itos.pl\/?page_id=9354\"><img decoding=\"async\" style=\"width: 160px; height: 160px;\" src=\"http:\/\/maadraim.itos.pl\/multimedia\/muzyka\/albumy\/Maadraim_Tajemniczy_obroncy_ludzkosci_2.jpg\" alt=\"\"><\/a><\/p>\n<p style=\"text-align: center;\"><a class=\"shutterset_\" title=\"elektroniczna\" href=\"https:\/\/maadraim.itos.pl\/?page_id=1231\"><img decoding=\"async\" style=\"width: 160px; height: 160px;\" src=\"https:\/\/maadraim.itos.pl\/multimedia\/muzyka\/albumy\/Maadraim_Inne_widzenie.jpg\" alt=\"\"><\/a> <a href=\"https:\/\/maadraim.itos.pl\/?page_id=1613\"><img decoding=\"async\" style=\"width: 160px; height: 160px;\" src=\"https:\/\/maadraim.itos.pl\/multimedia\/muzyka\/albumy\/Maadraim_Przeswit_w_zaslonie.jpg\" alt=\"\">&nbsp;<\/a><a href=\"https:\/\/maadraim.itos.pl\/?page_id=7089\"><img decoding=\"async\" style=\"width: 160px; height: 160px;\" src=\"http:\/\/maadraim.itos.pl\/multimedia\/muzyka\/albumy\/Maadraim_Przeswit_w_zaslonie_2_1600.jpg\" alt=\"\"><\/a> <a href=\"https:\/\/maadraim.itos.pl\/?page_id=2176\"><img decoding=\"async\" style=\"width: 160px; height: 160px;\" src=\"https:\/\/maadraim.itos.pl\/multimedia\/muzyka\/albumy\/Maadraim_Przypomnij_sobie_siebie_420x420.jpg\" alt=\"\"><\/a><\/p>\n<p style=\"text-align: center;\"><a class=\"shutterset_\" title=\"relaksacjna\" href=\"https:\/\/maadraim.itos.pl\/?page_id=2462\"><img decoding=\"async\" style=\"width: 160px; height: 160px;\" src=\"https:\/\/maadraim.itos.pl\/multimedia\/muzyka\/albumy\/Maadraim_Nowy_dzien.jpg\" alt=\"\"><\/a>&nbsp;<a href=\"https:\/\/maadraim.itos.pl\/?page_id=5504\"><img decoding=\"async\" style=\"width: 160px; height: 160px;\" src=\"http:\/\/maadraim.itos.pl\/multimedia\/muzyka\/albumy\/Maadraim_Migawki_z_nowego_swiata_800.jpg\" alt=\"\"><\/a> <a href=\"https:\/\/maadraim.itos.pl\/?page_id=2324\"><img decoding=\"async\" style=\"width: 160px; height: 160px;\" src=\"https:\/\/maadraim.itos.pl\/multimedia\/muzyka\/albumy\/Maadraim_Sektor_wyczarowanych_gier.jpg\" alt=\"\">&nbsp;<\/a><a href=\" https:\/\/maadraim.itos.pl\/?page_id=2785\"><img decoding=\"async\" style=\"width: 160px; height: 160px;\" src=\"https:\/\/maadraim.itos.pl\/multimedia\/muzyka\/albumy\/Maadraim_Psioniczni_czarodzieje_i_skarb_widm_420.jpg\" alt=\"\"><\/a> <a href=\"https:\/\/maadraim.itos.pl\/?page_id=4928\"><img decoding=\"async\" style=\"width: 160px; height: 160px;\" src=\"http:\/\/maadraim.itos.pl\/multimedia\/muzyka\/albumy\/Maadraim_Perturbacja_omnipotencyjna_800.jpg\" alt=\"\"> <\/a><\/p>\n<p style=\"text-align: center;\">&nbsp;<\/p>\n<p style=\"text-align: center;\"><span style=\"color: #996666;\"><span style=\"font-family: trebuchet ms,helvetica,sans-serif;\"><span style=\"font-size: 26px;\">Remiksy<\/span><\/span><\/span><\/p>\n<p style=\"text-align: center;\"><a href=\"http:\/\/maadraim.itos.pl\/?page_id=2405\"><img decoding=\"async\" style=\"width: 160px; height: 160px;\" src=\"https:\/\/maadraim.itos.pl\/multimedia\/muzyka\/albumy\/Maadraim_DDSx5.jpg\" alt=\"\"><\/a><br \/>\n&nbsp;<\/p>\n","protected":false},"excerpt":{"rendered":"<p>&nbsp; Najnowszy album &nbsp; Seria &#8222;\u017bycia&#8221; &nbsp; &nbsp; &nbsp; &nbsp; &nbsp; &nbsp; &nbsp; &nbsp; &nbsp; &nbsp; &nbsp; &nbsp;&nbsp;&nbsp; &nbsp; Inne albumy &nbsp; &nbsp; &nbsp; &nbsp; Remiksy &nbsp;<\/p>\n","protected":false},"author":1,"featured_media":0,"parent":0,"menu_order":12,"comment_status":"closed","ping_status":"closed","template":"","meta":{"ngg_post_thumbnail":0,"footnotes":""},"class_list":["post-121","page","type-page","status-publish","hentry"],"yoast_head":"<!-- This site is optimized with the Yoast SEO plugin v27.3 - https:\/\/yoast.com\/product\/yoast-seo-wordpress\/ -->\n<title>Albumy muzyczne - Maadraim - strona z tw\u00f3rczo\u015bci\u0105<\/title>\n<meta name=\"description\" content=\"Miejsce artystycznej fantazji. Muzyka, zdj\u0119cia, filmiki, kartki.\" \/>\n<meta name=\"robots\" content=\"index, follow, max-snippet:-1, max-image-preview:large, max-video-preview:-1\" \/>\n<link rel=\"canonical\" href=\"https:\/\/maadraim.itos.pl\/?page_id=121\" \/>\n<meta property=\"og:locale\" content=\"pl_PL\" \/>\n<meta property=\"og:type\" content=\"article\" \/>\n<meta property=\"og:title\" content=\"Albumy muzyczne - Maadraim - strona z tw\u00f3rczo\u015bci\u0105\" \/>\n<meta property=\"og:description\" content=\"Miejsce artystycznej fantazji. Muzyka, zdj\u0119cia, filmiki, kartki.\" \/>\n<meta property=\"og:url\" content=\"https:\/\/maadraim.itos.pl\/?page_id=121\" \/>\n<meta property=\"og:site_name\" content=\"Maadraim - strona z tw\u00f3rczo\u015bci\u0105\" \/>\n<meta property=\"article:modified_time\" content=\"2026-01-22T19:23:35+00:00\" \/>\n<meta property=\"og:image\" content=\"http:\/\/maadraim.itos.pl\/multimedia\/muzyka\/albumy\/Maadraim_Tajemniczy_obroncy_ludzkosci_3_1600.jpg\" \/>\n<meta name=\"twitter:card\" content=\"summary_large_image\" \/>\n<meta name=\"twitter:label1\" content=\"Szacowany czas czytania\" \/>\n\t<meta name=\"twitter:data1\" content=\"8 minut\" \/>\n<script type=\"application\/ld+json\" class=\"yoast-schema-graph\">{\"@context\":\"https:\\\/\\\/schema.org\",\"@graph\":[{\"@type\":\"WebPage\",\"@id\":\"https:\\\/\\\/maadraim.itos.pl\\\/?page_id=121\",\"url\":\"https:\\\/\\\/maadraim.itos.pl\\\/?page_id=121\",\"name\":\"Albumy muzyczne - Maadraim - strona z tw\u00f3rczo\u015bci\u0105\",\"isPartOf\":{\"@id\":\"https:\\\/\\\/maadraim.itos.pl\\\/#website\"},\"primaryImageOfPage\":{\"@id\":\"https:\\\/\\\/maadraim.itos.pl\\\/?page_id=121#primaryimage\"},\"image\":{\"@id\":\"https:\\\/\\\/maadraim.itos.pl\\\/?page_id=121#primaryimage\"},\"thumbnailUrl\":\"http:\\\/\\\/maadraim.itos.pl\\\/multimedia\\\/muzyka\\\/albumy\\\/Maadraim_Tajemniczy_obroncy_ludzkosci_3_1600.jpg\",\"datePublished\":\"2011-01-10T16:05:19+00:00\",\"dateModified\":\"2026-01-22T19:23:35+00:00\",\"description\":\"Miejsce artystycznej fantazji. Muzyka, zdj\u0119cia, filmiki, kartki.\",\"breadcrumb\":{\"@id\":\"https:\\\/\\\/maadraim.itos.pl\\\/?page_id=121#breadcrumb\"},\"inLanguage\":\"pl-PL\",\"potentialAction\":[{\"@type\":\"ReadAction\",\"target\":[\"https:\\\/\\\/maadraim.itos.pl\\\/?page_id=121\"]}]},{\"@type\":\"ImageObject\",\"inLanguage\":\"pl-PL\",\"@id\":\"https:\\\/\\\/maadraim.itos.pl\\\/?page_id=121#primaryimage\",\"url\":\"http:\\\/\\\/maadraim.itos.pl\\\/multimedia\\\/muzyka\\\/albumy\\\/Maadraim_Tajemniczy_obroncy_ludzkosci_3_1600.jpg\",\"contentUrl\":\"http:\\\/\\\/maadraim.itos.pl\\\/multimedia\\\/muzyka\\\/albumy\\\/Maadraim_Tajemniczy_obroncy_ludzkosci_3_1600.jpg\"},{\"@type\":\"BreadcrumbList\",\"@id\":\"https:\\\/\\\/maadraim.itos.pl\\\/?page_id=121#breadcrumb\",\"itemListElement\":[{\"@type\":\"ListItem\",\"position\":1,\"name\":\"Strona g\u0142\u00f3wna\",\"item\":\"https:\\\/\\\/maadraim.itos.pl\\\/\"},{\"@type\":\"ListItem\",\"position\":2,\"name\":\"Albumy muzyczne\"}]},{\"@type\":\"WebSite\",\"@id\":\"https:\\\/\\\/maadraim.itos.pl\\\/#website\",\"url\":\"https:\\\/\\\/maadraim.itos.pl\\\/\",\"name\":\"Maadraim - strona z tw\u00f3rczo\u015bci\u0105\",\"description\":\"Miejsce artystycznej fantazji. Muzyka, zdj\u0119cia, filmiki, kartki.\",\"alternateName\":\"Maadraim\",\"potentialAction\":[{\"@type\":\"SearchAction\",\"target\":{\"@type\":\"EntryPoint\",\"urlTemplate\":\"https:\\\/\\\/maadraim.itos.pl\\\/?s={search_term_string}\"},\"query-input\":{\"@type\":\"PropertyValueSpecification\",\"valueRequired\":true,\"valueName\":\"search_term_string\"}}],\"inLanguage\":\"pl-PL\"}]}<\/script>\n<!-- \/ Yoast SEO plugin. -->","yoast_head_json":{"title":"Albumy muzyczne - Maadraim - strona z tw\u00f3rczo\u015bci\u0105","description":"Miejsce artystycznej fantazji. Muzyka, zdj\u0119cia, filmiki, kartki.","robots":{"index":"index","follow":"follow","max-snippet":"max-snippet:-1","max-image-preview":"max-image-preview:large","max-video-preview":"max-video-preview:-1"},"canonical":"https:\/\/maadraim.itos.pl\/?page_id=121","og_locale":"pl_PL","og_type":"article","og_title":"Albumy muzyczne - Maadraim - strona z tw\u00f3rczo\u015bci\u0105","og_description":"Miejsce artystycznej fantazji. Muzyka, zdj\u0119cia, filmiki, kartki.","og_url":"https:\/\/maadraim.itos.pl\/?page_id=121","og_site_name":"Maadraim - strona z tw\u00f3rczo\u015bci\u0105","article_modified_time":"2026-01-22T19:23:35+00:00","og_image":[{"url":"http:\/\/maadraim.itos.pl\/multimedia\/muzyka\/albumy\/Maadraim_Tajemniczy_obroncy_ludzkosci_3_1600.jpg","type":"","width":"","height":""}],"twitter_card":"summary_large_image","twitter_misc":{"Szacowany czas czytania":"8 minut"},"schema":{"@context":"https:\/\/schema.org","@graph":[{"@type":"WebPage","@id":"https:\/\/maadraim.itos.pl\/?page_id=121","url":"https:\/\/maadraim.itos.pl\/?page_id=121","name":"Albumy muzyczne - Maadraim - strona z tw\u00f3rczo\u015bci\u0105","isPartOf":{"@id":"https:\/\/maadraim.itos.pl\/#website"},"primaryImageOfPage":{"@id":"https:\/\/maadraim.itos.pl\/?page_id=121#primaryimage"},"image":{"@id":"https:\/\/maadraim.itos.pl\/?page_id=121#primaryimage"},"thumbnailUrl":"http:\/\/maadraim.itos.pl\/multimedia\/muzyka\/albumy\/Maadraim_Tajemniczy_obroncy_ludzkosci_3_1600.jpg","datePublished":"2011-01-10T16:05:19+00:00","dateModified":"2026-01-22T19:23:35+00:00","description":"Miejsce artystycznej fantazji. Muzyka, zdj\u0119cia, filmiki, kartki.","breadcrumb":{"@id":"https:\/\/maadraim.itos.pl\/?page_id=121#breadcrumb"},"inLanguage":"pl-PL","potentialAction":[{"@type":"ReadAction","target":["https:\/\/maadraim.itos.pl\/?page_id=121"]}]},{"@type":"ImageObject","inLanguage":"pl-PL","@id":"https:\/\/maadraim.itos.pl\/?page_id=121#primaryimage","url":"http:\/\/maadraim.itos.pl\/multimedia\/muzyka\/albumy\/Maadraim_Tajemniczy_obroncy_ludzkosci_3_1600.jpg","contentUrl":"http:\/\/maadraim.itos.pl\/multimedia\/muzyka\/albumy\/Maadraim_Tajemniczy_obroncy_ludzkosci_3_1600.jpg"},{"@type":"BreadcrumbList","@id":"https:\/\/maadraim.itos.pl\/?page_id=121#breadcrumb","itemListElement":[{"@type":"ListItem","position":1,"name":"Strona g\u0142\u00f3wna","item":"https:\/\/maadraim.itos.pl\/"},{"@type":"ListItem","position":2,"name":"Albumy muzyczne"}]},{"@type":"WebSite","@id":"https:\/\/maadraim.itos.pl\/#website","url":"https:\/\/maadraim.itos.pl\/","name":"Maadraim - strona z tw\u00f3rczo\u015bci\u0105","description":"Miejsce artystycznej fantazji. Muzyka, zdj\u0119cia, filmiki, kartki.","alternateName":"Maadraim","potentialAction":[{"@type":"SearchAction","target":{"@type":"EntryPoint","urlTemplate":"https:\/\/maadraim.itos.pl\/?s={search_term_string}"},"query-input":{"@type":"PropertyValueSpecification","valueRequired":true,"valueName":"search_term_string"}}],"inLanguage":"pl-PL"}]}},"_links":{"self":[{"href":"https:\/\/maadraim.itos.pl\/index.php?rest_route=\/wp\/v2\/pages\/121","targetHints":{"allow":["GET"]}}],"collection":[{"href":"https:\/\/maadraim.itos.pl\/index.php?rest_route=\/wp\/v2\/pages"}],"about":[{"href":"https:\/\/maadraim.itos.pl\/index.php?rest_route=\/wp\/v2\/types\/page"}],"author":[{"embeddable":true,"href":"https:\/\/maadraim.itos.pl\/index.php?rest_route=\/wp\/v2\/users\/1"}],"replies":[{"embeddable":true,"href":"https:\/\/maadraim.itos.pl\/index.php?rest_route=%2Fwp%2Fv2%2Fcomments&post=121"}],"version-history":[{"count":167,"href":"https:\/\/maadraim.itos.pl\/index.php?rest_route=\/wp\/v2\/pages\/121\/revisions"}],"predecessor-version":[{"id":16366,"href":"https:\/\/maadraim.itos.pl\/index.php?rest_route=\/wp\/v2\/pages\/121\/revisions\/16366"}],"wp:attachment":[{"href":"https:\/\/maadraim.itos.pl\/index.php?rest_route=%2Fwp%2Fv2%2Fmedia&parent=121"}],"curies":[{"name":"wp","href":"https:\/\/api.w.org\/{rel}","templated":true}]}}